{"id":18651,"date":"2025-04-30T13:29:05","date_gmt":"2025-04-30T13:29:05","guid":{"rendered":"https:\/\/www.sinpeks.com\/rs\/p\/testerabaterijapunjac-gd24cs30k4-greenworks\/"},"modified":"2026-01-13T11:21:08","modified_gmt":"2026-01-13T11:21:08","slug":"testerabaterijapunjac-gd24cs30k4-greenworks","status":"publish","type":"product","link":"https:\/\/www.sinpeks.com\/rs\/p\/testerabaterijapunjac-gd24cs30k4-greenworks\/","title":{"rendered":"Testera+baterija+punja\u010d GD24CS30K4 Greenworks"},"content":{"rendered":"<p>Akumulatorska testera sa du\u017einom se\u010diva od 30 cm.<\/p>\n","protected":false},"excerpt":{"rendered":"<p>Akumulatorska testera sa du\u017einom se\u010diva od 30 cm.<\/p>\n","protected":false},"featured_media":18663,"comment_status":"open","ping_status":"closed","template":"","meta":{"_acf_changed":false},"product_cat":[3461],"product_tag":[],"class_list":{"0":"post-18651","1":"product","2":"type-product","3":"status-publish","4":"has-post-thumbnail","6":"product_cat-akumulatorske-motorne-testere","7":"product_shipping_class-alati-masine-makedonija","8":"pa_b-greenworks","9":"pa_duzina-maca-30-cm-12","10":"pa_market-ba","11":"pa_market-mk","12":"pa_market-rs","13":"pa_tip-baterije-g24b4-24v-4ah","15":"first","16":"outofstock","17":"sale","18":"taxable","19":"shipping-taxable","20":"purchasable","21":"product-type-simple"},"acf":[],"seolaxy_ctr_woo_product_custom_meta_description_content":"","_links":{"self":[{"href":"https:\/\/www.sinpeks.com\/rs\/wp-json\/wp\/v2\/product\/18651","targetHints":{"allow":["GET"]}}],"collection":[{"href":"https:\/\/www.sinpeks.com\/rs\/wp-json\/wp\/v2\/product"}],"about":[{"href":"https:\/\/www.sinpeks.com\/rs\/wp-json\/wp\/v2\/types\/product"}],"replies":[{"embeddable":true,"href":"https:\/\/www.sinpeks.com\/rs\/wp-json\/wp\/v2\/comments?post=18651"}],"wp:featuredmedia":[{"embeddable":true,"href":"https:\/\/www.sinpeks.com\/rs\/wp-json\/wp\/v2\/media\/18663"}],"wp:attachment":[{"href":"https:\/\/www.sinpeks.com\/rs\/wp-json\/wp\/v2\/media?parent=18651"}],"wp:term":[{"taxonomy":"product_cat","embeddable":true,"href":"https:\/\/www.sinpeks.com\/rs\/wp-json\/wp\/v2\/product_cat?post=18651"},{"taxonomy":"product_tag","embeddable":true,"href":"https:\/\/www.sinpeks.com\/rs\/wp-json\/wp\/v2\/product_tag?post=18651"}],"curies":[{"name":"wp","href":"https:\/\/api.w.org\/{rel}","templated":true}]}}