{"id":18648,"date":"2025-04-30T13:28:54","date_gmt":"2025-04-30T13:28:54","guid":{"rendered":"https:\/\/www.sinpeks.com\/rs\/p\/testera-gd40cs18-greenworks\/"},"modified":"2026-01-13T11:19:05","modified_gmt":"2026-01-13T11:19:05","slug":"testera-gd40cs18-greenworks","status":"publish","type":"product","link":"https:\/\/www.sinpeks.com\/rs\/p\/testera-gd40cs18-greenworks\/","title":{"rendered":"Testera GD40CS18 Greenworks"},"content":{"rendered":"<p>Akumulatorska testera sa du\u017einom se\u010diva od 40 cm. *Napomena: Ma\u0161ina je bez akumulatora i punja\u010da.<\/p>\n","protected":false},"excerpt":{"rendered":"<p>Akumulatorska testera sa du\u017einom se\u010diva od 40 cm. *Napomena: Ma\u0161ina je bez akumulatora i punja\u010da.<\/p>\n","protected":false},"featured_media":18660,"comment_status":"open","ping_status":"closed","template":"","meta":{"_acf_changed":false},"product_cat":[3461],"product_tag":[],"class_list":{"0":"post-18648","1":"product","2":"type-product","3":"status-publish","4":"has-post-thumbnail","6":"product_cat-akumulatorske-motorne-testere","7":"product_shipping_class-alati-masine-makedonija","8":"pa_b-greenworks","9":"pa_duzina-maca-40-cm-16","10":"pa_market-ba","11":"pa_market-mk","12":"pa_market-rs","13":"pa_snaga-motora-1800-w","14":"pa_tip-baterije-g-max-40v","16":"first","17":"outofstock","18":"sale","19":"taxable","20":"shipping-taxable","21":"purchasable","22":"product-type-simple"},"acf":[],"seolaxy_ctr_woo_product_custom_meta_description_content":"","_links":{"self":[{"href":"https:\/\/www.sinpeks.com\/rs\/wp-json\/wp\/v2\/product\/18648","targetHints":{"allow":["GET"]}}],"collection":[{"href":"https:\/\/www.sinpeks.com\/rs\/wp-json\/wp\/v2\/product"}],"about":[{"href":"https:\/\/www.sinpeks.com\/rs\/wp-json\/wp\/v2\/types\/product"}],"replies":[{"embeddable":true,"href":"https:\/\/www.sinpeks.com\/rs\/wp-json\/wp\/v2\/comments?post=18648"}],"wp:featuredmedia":[{"embeddable":true,"href":"https:\/\/www.sinpeks.com\/rs\/wp-json\/wp\/v2\/media\/18660"}],"wp:attachment":[{"href":"https:\/\/www.sinpeks.com\/rs\/wp-json\/wp\/v2\/media?parent=18648"}],"wp:term":[{"taxonomy":"product_cat","embeddable":true,"href":"https:\/\/www.sinpeks.com\/rs\/wp-json\/wp\/v2\/product_cat?post=18648"},{"taxonomy":"product_tag","embeddable":true,"href":"https:\/\/www.sinpeks.com\/rs\/wp-json\/wp\/v2\/product_tag?post=18648"}],"curies":[{"name":"wp","href":"https:\/\/api.w.org\/{rel}","templated":true}]}}