{"id":18647,"date":"2025-04-30T13:28:51","date_gmt":"2025-04-30T13:28:51","guid":{"rendered":"https:\/\/www.sinpeks.com\/rs\/p\/testera-egcs18451-emtop\/"},"modified":"2026-04-29T09:38:47","modified_gmt":"2026-04-29T09:38:47","slug":"testera-egcs18451-emtop","status":"publish","type":"product","link":"https:\/\/www.sinpeks.com\/rs\/p\/testera-egcs18451-emtop\/","title":{"rendered":"Testera EGCS18451 Emtop"},"content":{"rendered":"<p>EMTOP EGCS18451 motorna testera je moc\u0301an i pouzdan alat, dizajniran da zadovolji sve va\u0161e potrebe za se\u010denjem. Sa motorom od 46cc i maksimalnom snagom od 1,8 kW, ova testera nudi izuzetne performanse za intenzivan rad se\u010denja.<\/p>\n","protected":false},"excerpt":{"rendered":"<p>EMTOP EGCS18451 motorna testera je moc\u0301an i pouzdan alat, dizajniran da zadovolji sve va\u0161e potrebe za se\u010denjem. Sa motorom od 46cc i maksimalnom snagom od 1,8 kW, ova testera nudi izuzetne performanse za intenzivan rad se\u010denja.<\/p>\n","protected":false},"featured_media":18659,"comment_status":"open","ping_status":"closed","template":"","meta":{"_acf_changed":false},"product_cat":[3460,5293],"product_tag":[],"class_list":{"0":"post-18647","1":"product","2":"type-product","3":"status-publish","4":"has-post-thumbnail","6":"product_cat-benzinske-motorne-testere","7":"product_cat-emtop-akcija","8":"product_shipping_class-alati-masine-srbija","9":"pa_b-emtop","10":"pa_duzina-maca-45cm-18","11":"pa_market-ba","12":"pa_market-mk","13":"pa_market-rs","14":"pa_snaga-motora-1800-w","16":"first","17":"instock","18":"sale","19":"taxable","20":"shipping-taxable","21":"purchasable","22":"product-type-simple"},"acf":[],"seolaxy_ctr_woo_product_custom_meta_description_content":"","_links":{"self":[{"href":"https:\/\/www.sinpeks.com\/rs\/wp-json\/wp\/v2\/product\/18647","targetHints":{"allow":["GET"]}}],"collection":[{"href":"https:\/\/www.sinpeks.com\/rs\/wp-json\/wp\/v2\/product"}],"about":[{"href":"https:\/\/www.sinpeks.com\/rs\/wp-json\/wp\/v2\/types\/product"}],"replies":[{"embeddable":true,"href":"https:\/\/www.sinpeks.com\/rs\/wp-json\/wp\/v2\/comments?post=18647"}],"wp:featuredmedia":[{"embeddable":true,"href":"https:\/\/www.sinpeks.com\/rs\/wp-json\/wp\/v2\/media\/18659"}],"wp:attachment":[{"href":"https:\/\/www.sinpeks.com\/rs\/wp-json\/wp\/v2\/media?parent=18647"}],"wp:term":[{"taxonomy":"product_cat","embeddable":true,"href":"https:\/\/www.sinpeks.com\/rs\/wp-json\/wp\/v2\/product_cat?post=18647"},{"taxonomy":"product_tag","embeddable":true,"href":"https:\/\/www.sinpeks.com\/rs\/wp-json\/wp\/v2\/product_tag?post=18647"}],"curies":[{"name":"wp","href":"https:\/\/api.w.org\/{rel}","templated":true}]}}