{"id":18110,"date":"2025-04-04T21:50:19","date_gmt":"2025-04-04T21:50:19","guid":{"rendered":"https:\/\/www.sinpeks.com\/rs\/p\/traktor-belarus-mtz-892-kabina-ravan-most\/"},"modified":"2026-01-13T12:42:26","modified_gmt":"2026-01-13T12:42:26","slug":"traktor-belarus-mtz-892-kabina-ravan-most","status":"publish","type":"product","link":"https:\/\/www.sinpeks.com\/rs\/p\/traktor-belarus-mtz-892-kabina-ravan-most\/","title":{"rendered":"Traktor Belarus MTZ 892, kabina, ravan most"},"content":{"rendered":"<p>Belarus MTZ 892 Ravan Most je traktor koji se isti\u010de svojom robusno\u0161\u0107u, pouzdano\u0161\u0107u i prilagodljivo\u0161\u0107u, \u0161to ga \u010dini izvanrednim izborom za razli\u010dite poljoprivredne primene. Ovaj model je deo poznate serije Belarus traktora, koja je \u0161iroko priznata po svojoj izdr\u017eljivosti i efikasnosti. Jedna od klju\u010dnih karakteristika Belarus MTZ 892 Ravan Most je njegov jedinstveni dizajn ravnog mosta. Ova specifi\u010dna konstrukcija pru\u017ea bolju stabilnost i kontrolu, posebno na neravnom terenu, \u0161to je va\u017eno za te\u0161ke poljoprivredne zadatke. Tako\u0111e, ovaj dizajn omogu\u0107ava lak\u0161e upravljanje i manje fizi\u010dkog napora za voza\u010da.<\/p>\n","protected":false},"excerpt":{"rendered":"<p>Belarus MTZ 892 Ravan Most je traktor koji se isti\u010de svojom robusno\u0161\u0107u, pouzdano\u0161\u0107u i prilagodljivo\u0161\u0107u, \u0161to ga \u010dini izvanrednim izborom za razli\u010dite poljoprivredne primene. Ovaj model je deo poznate serije Belarus traktora, koja je \u0161iroko priznata po svojoj izdr\u017eljivosti i efikasnosti. Jedna od klju\u010dnih karakteristika Belarus MTZ 892 Ravan Most je njegov jedinstveni dizajn ravnog [&hellip;]<\/p>\n","protected":false},"featured_media":18113,"comment_status":"open","ping_status":"closed","template":"","meta":{"_acf_changed":false},"product_cat":[60],"product_tag":[],"class_list":{"0":"post-18110","1":"product","2":"type-product","3":"status-publish","4":"has-post-thumbnail","6":"product_cat-poljoprivredni","7":"product_shipping_class-ostale-kategorije-makedonija","8":"pa_b-belarus","9":"pa_gorivo-dizel","10":"pa_kabina-sa-kabinom","11":"pa_klimatizacija-sa-opcijom-ugradnje-klime","12":"pa_market-mk","13":"pa_market-rs","14":"pa_max-kapacitet-dizanja-4300-kg","15":"pa_menjac-sa-manuelnim-menjacem","16":"pa_pogon-traktora-sa-4x4-pogonom-4wd","17":"pa_snaga-traktora-90-ks","19":"first","20":"outofstock","21":"sale","22":"taxable","23":"shipping-taxable","24":"purchasable","25":"product-type-simple"},"acf":[],"seolaxy_ctr_woo_product_custom_meta_description_content":"","_links":{"self":[{"href":"https:\/\/www.sinpeks.com\/rs\/wp-json\/wp\/v2\/product\/18110","targetHints":{"allow":["GET"]}}],"collection":[{"href":"https:\/\/www.sinpeks.com\/rs\/wp-json\/wp\/v2\/product"}],"about":[{"href":"https:\/\/www.sinpeks.com\/rs\/wp-json\/wp\/v2\/types\/product"}],"replies":[{"embeddable":true,"href":"https:\/\/www.sinpeks.com\/rs\/wp-json\/wp\/v2\/comments?post=18110"}],"wp:featuredmedia":[{"embeddable":true,"href":"https:\/\/www.sinpeks.com\/rs\/wp-json\/wp\/v2\/media\/18113"}],"wp:attachment":[{"href":"https:\/\/www.sinpeks.com\/rs\/wp-json\/wp\/v2\/media?parent=18110"}],"wp:term":[{"taxonomy":"product_cat","embeddable":true,"href":"https:\/\/www.sinpeks.com\/rs\/wp-json\/wp\/v2\/product_cat?post=18110"},{"taxonomy":"product_tag","embeddable":true,"href":"https:\/\/www.sinpeks.com\/rs\/wp-json\/wp\/v2\/product_tag?post=18110"}],"curies":[{"name":"wp","href":"https:\/\/api.w.org\/{rel}","templated":true}]}}