{"id":18108,"date":"2025-04-04T21:50:12","date_gmt":"2025-04-04T21:50:12","guid":{"rendered":"https:\/\/www.sinpeks.com\/rs\/p\/traktor-tafe-6028-sigurnosni-ram-stage-v\/"},"modified":"2026-01-13T12:42:26","modified_gmt":"2026-01-13T12:42:26","slug":"traktor-tafe-6028-sigurnosni-ram-stage-v","status":"publish","type":"product","link":"https:\/\/www.sinpeks.com\/rs\/p\/traktor-tafe-6028-sigurnosni-ram-stage-v\/","title":{"rendered":"Traktor Tafe 6028 sigurnosni ram, stage V"},"content":{"rendered":"<p>Traktor TAFE 6028 sa kabinom je ma\u0161ina napravljena za preciznost i efikasnost. Dizajniran je za maksimalne performanse, sa karakteristikama uklju\u010dujuc\u0301i automatizovani hidrauli\u010dki sistem za detekciju propuha za prilagodljivost, 4WD pogon za stabilnost i 9F+3R menja\u010d za nesmetan rad. Rad servo upravlja\u010da i ko\u010dnica uronjenih u ulje pobolj\u0161avaju sigurnost i kontrolu. Sa sna\u017enom sposobno\u0161c\u0301u podizanja od 739 KG, to je idealna opcija za prilagodljivu i uspe\u0161nu poljoprivredu. Traktor je opremljen kabinom sa komfor sedi\u0161tem i mp3 audio sistem.<\/p>\n","protected":false},"excerpt":{"rendered":"<p>Traktor TAFE 6028 sa kabinom je ma\u0161ina napravljena za preciznost i efikasnost. Dizajniran je za maksimalne performanse, sa karakteristikama uklju\u010dujuc\u0301i automatizovani hidrauli\u010dki sistem za detekciju propuha za prilagodljivost, 4WD pogon za stabilnost i 9F+3R menja\u010d za nesmetan rad. Rad servo upravlja\u010da i ko\u010dnica uronjenih u ulje pobolj\u0161avaju sigurnost i kontrolu. Sa sna\u017enom sposobno\u0161c\u0301u podizanja od [&hellip;]<\/p>\n","protected":false},"featured_media":18115,"comment_status":"open","ping_status":"closed","template":"","meta":{"_acf_changed":false},"product_cat":[40],"product_tag":[],"class_list":{"0":"post-18108","1":"product","2":"type-product","3":"status-publish","4":"has-post-thumbnail","6":"product_cat-vocarski","7":"product_shipping_class-ostale-kategorije-makedonija","8":"pa_b-tafe","9":"pa_gorivo-dizel","10":"pa_kabina-bez-kabine","11":"pa_klimatizacija-bez-klime","12":"pa_market-mk","13":"pa_market-rs","14":"pa_max-kapacitet-dizanja-739-kg","15":"pa_menjac-sa-manuelnim-menjacem","16":"pa_pogon-traktora-sa-4x4-pogonom-4wd","17":"pa_snaga-traktora-24-ks","19":"first","20":"outofstock","21":"sale","22":"taxable","23":"shipping-taxable","24":"purchasable","25":"product-type-simple"},"acf":[],"seolaxy_ctr_woo_product_custom_meta_description_content":"","_links":{"self":[{"href":"https:\/\/www.sinpeks.com\/rs\/wp-json\/wp\/v2\/product\/18108","targetHints":{"allow":["GET"]}}],"collection":[{"href":"https:\/\/www.sinpeks.com\/rs\/wp-json\/wp\/v2\/product"}],"about":[{"href":"https:\/\/www.sinpeks.com\/rs\/wp-json\/wp\/v2\/types\/product"}],"replies":[{"embeddable":true,"href":"https:\/\/www.sinpeks.com\/rs\/wp-json\/wp\/v2\/comments?post=18108"}],"wp:featuredmedia":[{"embeddable":true,"href":"https:\/\/www.sinpeks.com\/rs\/wp-json\/wp\/v2\/media\/18115"}],"wp:attachment":[{"href":"https:\/\/www.sinpeks.com\/rs\/wp-json\/wp\/v2\/media?parent=18108"}],"wp:term":[{"taxonomy":"product_cat","embeddable":true,"href":"https:\/\/www.sinpeks.com\/rs\/wp-json\/wp\/v2\/product_cat?post=18108"},{"taxonomy":"product_tag","embeddable":true,"href":"https:\/\/www.sinpeks.com\/rs\/wp-json\/wp\/v2\/product_tag?post=18108"}],"curies":[{"name":"wp","href":"https:\/\/api.w.org\/{rel}","templated":true}]}}