{"id":18107,"date":"2025-04-04T21:50:09","date_gmt":"2025-04-04T21:50:09","guid":{"rendered":"https:\/\/www.sinpeks.com\/rs\/p\/traktor-imt-549-3-di-4wd-kabina-sa-grejanjem\/"},"modified":"2026-01-13T12:42:26","modified_gmt":"2026-01-13T12:42:26","slug":"traktor-imt-549-3-di-4wd-kabina-sa-grejanjem","status":"publish","type":"product","link":"https:\/\/www.sinpeks.com\/rs\/p\/traktor-imt-549-3-di-4wd-kabina-sa-grejanjem\/","title":{"rendered":"Traktor IMT 549.3 DI 4WD kabina sa grejanjem"},"content":{"rendered":"<p>Traktor IMT 549.3 DI donosi spoj klasi\u010dnog dizajna i savremenih tehnolo\u0161kih re\u0161enja, \u010dine\u0107i ga idealnim za poljoprivrednike koji tra\u017ee pouzdan i efikasan traktor. Ovaj model je namenjen za rad na razli\u010ditim vrstama terena, pru\u017eaju\u0107i izvanrednu upravljivost i stabilnost, zahvaljuju\u0107i pogonu na sva \u010detiri to\u010dka (4WD). Sa robusnom konstrukcijom i izdr\u017eljivim komponentama, IMT 549.3 DI je stvoren za dugotrajan rad i pouzdanost u svakom<br \/>\ntrenutku. Ovaj traktor je opremljen kabinom sa grejanjem.<\/p>\n","protected":false},"excerpt":{"rendered":"<p>Traktor IMT 549.3 DI donosi spoj klasi\u010dnog dizajna i savremenih tehnolo\u0161kih re\u0161enja, \u010dine\u0107i ga idealnim za poljoprivrednike koji tra\u017ee pouzdan i efikasan traktor. Ovaj model je namenjen za rad na razli\u010ditim vrstama terena, pru\u017eaju\u0107i izvanrednu upravljivost i stabilnost, zahvaljuju\u0107i pogonu na sva \u010detiri to\u010dka (4WD). Sa robusnom konstrukcijom i izdr\u017eljivim komponentama, IMT 549.3 DI je [&hellip;]<\/p>\n","protected":false},"featured_media":18116,"comment_status":"open","ping_status":"closed","template":"","meta":{"_acf_changed":false},"product_cat":[60],"product_tag":[],"class_list":{"0":"post-18107","1":"product","2":"type-product","3":"status-publish","4":"has-post-thumbnail","6":"product_cat-poljoprivredni","7":"product_shipping_class-ostale-kategorije-makedonija","8":"pa_b-imt","9":"pa_gorivo-dizel","10":"pa_kabina-sa-kabinom","11":"pa_klimatizacija-sa-grejanjem","12":"pa_market-mk","13":"pa_market-rs","14":"pa_max-kapacitet-dizanja-1700-kg","15":"pa_menjac-sa-manuelnim-menjacem","16":"pa_pogon-traktora-sa-4x4-pogonom-4wd","17":"pa_snaga-traktora-47-ks","19":"first","20":"outofstock","21":"sale","22":"taxable","23":"shipping-taxable","24":"purchasable","25":"product-type-simple"},"acf":[],"seolaxy_ctr_woo_product_custom_meta_description_content":"","_links":{"self":[{"href":"https:\/\/www.sinpeks.com\/rs\/wp-json\/wp\/v2\/product\/18107","targetHints":{"allow":["GET"]}}],"collection":[{"href":"https:\/\/www.sinpeks.com\/rs\/wp-json\/wp\/v2\/product"}],"about":[{"href":"https:\/\/www.sinpeks.com\/rs\/wp-json\/wp\/v2\/types\/product"}],"replies":[{"embeddable":true,"href":"https:\/\/www.sinpeks.com\/rs\/wp-json\/wp\/v2\/comments?post=18107"}],"wp:featuredmedia":[{"embeddable":true,"href":"https:\/\/www.sinpeks.com\/rs\/wp-json\/wp\/v2\/media\/18116"}],"wp:attachment":[{"href":"https:\/\/www.sinpeks.com\/rs\/wp-json\/wp\/v2\/media?parent=18107"}],"wp:term":[{"taxonomy":"product_cat","embeddable":true,"href":"https:\/\/www.sinpeks.com\/rs\/wp-json\/wp\/v2\/product_cat?post=18107"},{"taxonomy":"product_tag","embeddable":true,"href":"https:\/\/www.sinpeks.com\/rs\/wp-json\/wp\/v2\/product_tag?post=18107"}],"curies":[{"name":"wp","href":"https:\/\/api.w.org\/{rel}","templated":true}]}}