{"id":18105,"date":"2025-04-04T21:50:03","date_gmt":"2025-04-04T21:50:03","guid":{"rendered":"https:\/\/www.sinpeks.com\/rs\/p\/traktor-imt-565-2-di-4wd-sigurnosni-ram\/"},"modified":"2026-01-13T12:42:26","modified_gmt":"2026-01-13T12:42:26","slug":"traktor-imt-565-2-di-4wd-sigurnosni-ram","status":"publish","type":"product","link":"https:\/\/www.sinpeks.com\/rs\/p\/traktor-imt-565-2-di-4wd-sigurnosni-ram\/","title":{"rendered":"Traktor IMT 565.2 DI 4WD sigurnosni ram"},"content":{"rendered":"<p>IMT 565.2 DI 4WD opremljen je motorom snage 63 KS (46.5 kW). Pogon na ovom traktoru je na sva kota\u010da 4WD, pru\u017eaju\u0107i pobolj\u0161anu trakciju i upravljivost u razli\u010ditim uslovima. Ima vertikalni izduvni sistem i suvi pre\u010dista\u010d vazduha, \u0161to pobolj\u0161ava efikasnost i odr\u017eavanje. Spojka je dvostepena, a menja\u010dki prenosnik je 8F + 2R, omogu\u0107avaju\u0107i glatke promene brzina. Upravlja\u010d je hidrauli\u010dki, olak\u0161avaju\u0107i manevrisanje i upravljanje traktorom. Ova varijanta traktora je sa sigurnosnim lukom za dodatnu za\u0161titu. Traktor ima ko\u010dnice potopljene u ulju, klatnu poteznicu, kao i dva para hidrauli\u010dnih spojnica i kompresor.<\/p>\n","protected":false},"excerpt":{"rendered":"<p>IMT 565.2 DI 4WD opremljen je motorom snage 63 KS (46.5 kW). Pogon na ovom traktoru je na sva kota\u010da 4WD, pru\u017eaju\u0107i pobolj\u0161anu trakciju i upravljivost u razli\u010ditim uslovima. Ima vertikalni izduvni sistem i suvi pre\u010dista\u010d vazduha, \u0161to pobolj\u0161ava efikasnost i odr\u017eavanje. Spojka je dvostepena, a menja\u010dki prenosnik je 8F + 2R, omogu\u0107avaju\u0107i glatke promene [&hellip;]<\/p>\n","protected":false},"featured_media":18118,"comment_status":"open","ping_status":"closed","template":"","meta":{"_acf_changed":false},"product_cat":[60],"product_tag":[],"class_list":{"0":"post-18105","1":"product","2":"type-product","3":"status-publish","4":"has-post-thumbnail","6":"product_cat-poljoprivredni","7":"product_shipping_class-ostale-kategorije-makedonija","8":"pa_b-imt","9":"pa_gorivo-dizel","10":"pa_kabina-bez-kabine","11":"pa_klimatizacija-bez-klime","12":"pa_market-mk","13":"pa_market-rs","14":"pa_max-kapacitet-dizanja-2050-kg","15":"pa_menjac-sa-manuelnim-menjacem","16":"pa_pogon-traktora-sa-4x4-pogonom-4wd","17":"pa_snaga-traktora-63-ks","19":"first","20":"outofstock","21":"sale","22":"taxable","23":"shipping-taxable","24":"purchasable","25":"product-type-simple"},"acf":[],"seolaxy_ctr_woo_product_custom_meta_description_content":"","_links":{"self":[{"href":"https:\/\/www.sinpeks.com\/rs\/wp-json\/wp\/v2\/product\/18105","targetHints":{"allow":["GET"]}}],"collection":[{"href":"https:\/\/www.sinpeks.com\/rs\/wp-json\/wp\/v2\/product"}],"about":[{"href":"https:\/\/www.sinpeks.com\/rs\/wp-json\/wp\/v2\/types\/product"}],"replies":[{"embeddable":true,"href":"https:\/\/www.sinpeks.com\/rs\/wp-json\/wp\/v2\/comments?post=18105"}],"wp:featuredmedia":[{"embeddable":true,"href":"https:\/\/www.sinpeks.com\/rs\/wp-json\/wp\/v2\/media\/18118"}],"wp:attachment":[{"href":"https:\/\/www.sinpeks.com\/rs\/wp-json\/wp\/v2\/media?parent=18105"}],"wp:term":[{"taxonomy":"product_cat","embeddable":true,"href":"https:\/\/www.sinpeks.com\/rs\/wp-json\/wp\/v2\/product_cat?post=18105"},{"taxonomy":"product_tag","embeddable":true,"href":"https:\/\/www.sinpeks.com\/rs\/wp-json\/wp\/v2\/product_tag?post=18105"}],"curies":[{"name":"wp","href":"https:\/\/api.w.org\/{rel}","templated":true}]}}