{"id":17782,"date":"2025-04-02T14:46:05","date_gmt":"2025-04-02T14:46:05","guid":{"rendered":"https:\/\/www.sinpeks.com\/rs\/p\/traktor-hanwo-hwb-704-b-cab\/"},"modified":"2026-04-28T11:35:14","modified_gmt":"2026-04-28T11:35:14","slug":"traktor-hanwo-hwb-704-b-cab","status":"publish","type":"product","link":"https:\/\/www.sinpeks.com\/rs\/p\/traktor-hanwo-hwb-704-b-cab\/","title":{"rendered":"Traktor Hanwo HWB 704-B cab"},"content":{"rendered":"<p>HANWO-ovi moc\u0301ni traktori HWB ne samo da vam donose pouzdanost, vec\u0301 i stvaraju stvarnu vrednost za vas jer imaju standardne karakteristike koje su napredne, izdr\u017eljive, efikasne i pristupa\u010dne. HANWO je stekao poverenje hiljada zadovoljnih kupaca \u0161irom sveta, dostupnih u razli\u010ditim modelima i konfiguracijama pogodnim za poljoprivredne operacije kao \u0161to su obrada zemlji\u0161ta, setva, \u0111ubrenje i transport robe, itd.<\/p>\n","protected":false},"excerpt":{"rendered":"<p>HANWO-ovi moc\u0301ni traktori HWB ne samo da vam donose pouzdanost, vec\u0301 i stvaraju stvarnu vrednost za vas jer imaju standardne karakteristike koje su napredne, izdr\u017eljive, efikasne i pristupa\u010dne. HANWO je stekao poverenje hiljada zadovoljnih kupaca \u0161irom sveta, dostupnih u razli\u010ditim modelima i konfiguracijama pogodnim za poljoprivredne operacije kao \u0161to su obrada zemlji\u0161ta, setva, \u0111ubrenje i [&hellip;]<\/p>\n","protected":false},"featured_media":17975,"comment_status":"open","ping_status":"closed","template":"","meta":{"_acf_changed":false},"product_cat":[60],"product_tag":[],"class_list":{"0":"post-17782","1":"product","2":"type-product","3":"status-publish","4":"has-post-thumbnail","6":"product_cat-poljoprivredni","7":"product_shipping_class-ostale-kategorije-makedonija","8":"pa_b-hanwo","9":"pa_gorivo-dizel","10":"pa_kabina-sa-kabinom","11":"pa_klimatizacija-sa-klimom","12":"pa_market-ba","13":"pa_market-mk","14":"pa_market-rs","15":"pa_menjac-sa-automatskim-menjacem","16":"pa_pogon-traktora-sa-4x4-pogonom-4wd","17":"pa_snaga-traktora-75-ks","19":"first","20":"outofstock","21":"sale","22":"taxable","23":"shipping-taxable","24":"purchasable","25":"product-type-simple"},"acf":[],"seolaxy_ctr_woo_product_custom_meta_description_content":"","_links":{"self":[{"href":"https:\/\/www.sinpeks.com\/rs\/wp-json\/wp\/v2\/product\/17782","targetHints":{"allow":["GET"]}}],"collection":[{"href":"https:\/\/www.sinpeks.com\/rs\/wp-json\/wp\/v2\/product"}],"about":[{"href":"https:\/\/www.sinpeks.com\/rs\/wp-json\/wp\/v2\/types\/product"}],"replies":[{"embeddable":true,"href":"https:\/\/www.sinpeks.com\/rs\/wp-json\/wp\/v2\/comments?post=17782"}],"wp:featuredmedia":[{"embeddable":true,"href":"https:\/\/www.sinpeks.com\/rs\/wp-json\/wp\/v2\/media\/17975"}],"wp:attachment":[{"href":"https:\/\/www.sinpeks.com\/rs\/wp-json\/wp\/v2\/media?parent=17782"}],"wp:term":[{"taxonomy":"product_cat","embeddable":true,"href":"https:\/\/www.sinpeks.com\/rs\/wp-json\/wp\/v2\/product_cat?post=17782"},{"taxonomy":"product_tag","embeddable":true,"href":"https:\/\/www.sinpeks.com\/rs\/wp-json\/wp\/v2\/product_tag?post=17782"}],"curies":[{"name":"wp","href":"https:\/\/api.w.org\/{rel}","templated":true}]}}