{"id":17781,"date":"2025-04-02T14:46:03","date_gmt":"2025-04-02T14:46:03","guid":{"rendered":"https:\/\/www.sinpeks.com\/rs\/p\/traktor-john-deere-6150b-cab\/"},"modified":"2026-01-27T13:36:09","modified_gmt":"2026-01-27T13:36:09","slug":"traktor-john-deere-6150b-cab","status":"publish","type":"product","link":"https:\/\/www.sinpeks.com\/rs\/p\/traktor-john-deere-6150b-cab\/","title":{"rendered":"Traktor John Deere 6135B 12\u042512 Creper"},"content":{"rendered":"<p>Svestrani traktori 6135B su dizajnirani i projektovani sa istom neuporedivom ve\u0161tinom kao i ve\u0107e John Deere ma\u0161ine. 6B je s jedne strane kompaktan i okretan, a s druge strane ima neverovatnu snagu i stabilnost. Jedan traktor za mnoge primene. Menja\u010di od 30 km\/h i 40 km\/h sa vrhunskim sinhronizovanim menjanjem stepena prenosa u pokretu obezbe\u0111uju glatku vo\u017enju i iskustvo vo\u017enje. HVAC Economy Cab sa ventilacijom, grejanjem i klimatizacijom, Grammer deluxe sedi\u0161te operatera, LED farovi, LED radna svetla (x2 napred i pozadi), rotacije, prednji tegovi: 300 kg, tegovi na zadnjih to\u010dkova: 220 kg.<\/p>\n","protected":false},"excerpt":{"rendered":"<p>Svestrani traktori 6135B su dizajnirani i projektovani sa istom neuporedivom ve\u0161tinom kao i ve\u0107e John Deere ma\u0161ine. 6B je s jedne strane kompaktan i okretan, a s druge strane ima neverovatnu snagu i stabilnost. Jedan traktor za mnoge primene. Menja\u010di od 30 km\/h i 40 km\/h sa vrhunskim sinhronizovanim menjanjem stepena prenosa u pokretu obezbe\u0111uju [&hellip;]<\/p>\n","protected":false},"featured_media":17970,"comment_status":"open","ping_status":"closed","template":"","meta":{"_acf_changed":false},"product_cat":[39,59,60,34],"product_tag":[],"class_list":{"0":"post-17781","1":"product","2":"type-product","3":"status-publish","4":"has-post-thumbnail","6":"product_cat-novi","7":"product_cat-pm","8":"product_cat-poljoprivredni","9":"product_cat-traktori","10":"product_shipping_class-ostale-kategorije-makedonija","11":"pa_b-john-deere","12":"pa_gorivo-dizel","13":"pa_kabina-sa-kabinom","14":"pa_klimatizacija-sa-klimom","15":"pa_market-mk","16":"pa_market-rs","17":"pa_max-kapacitet-dizanja-5300-kg","18":"pa_menjac-sa-automatskim-menjacem","19":"pa_pogon-traktora-sa-4x4-pogonom-4wd","20":"pa_snaga-traktora-135-ks","22":"first","23":"outofstock","24":"sale","25":"taxable","26":"shipping-taxable","27":"purchasable","28":"product-type-simple"},"acf":[],"seolaxy_ctr_woo_product_custom_meta_description_content":"","_links":{"self":[{"href":"https:\/\/www.sinpeks.com\/rs\/wp-json\/wp\/v2\/product\/17781","targetHints":{"allow":["GET"]}}],"collection":[{"href":"https:\/\/www.sinpeks.com\/rs\/wp-json\/wp\/v2\/product"}],"about":[{"href":"https:\/\/www.sinpeks.com\/rs\/wp-json\/wp\/v2\/types\/product"}],"replies":[{"embeddable":true,"href":"https:\/\/www.sinpeks.com\/rs\/wp-json\/wp\/v2\/comments?post=17781"}],"wp:featuredmedia":[{"embeddable":true,"href":"https:\/\/www.sinpeks.com\/rs\/wp-json\/wp\/v2\/media\/17970"}],"wp:attachment":[{"href":"https:\/\/www.sinpeks.com\/rs\/wp-json\/wp\/v2\/media?parent=17781"}],"wp:term":[{"taxonomy":"product_cat","embeddable":true,"href":"https:\/\/www.sinpeks.com\/rs\/wp-json\/wp\/v2\/product_cat?post=17781"},{"taxonomy":"product_tag","embeddable":true,"href":"https:\/\/www.sinpeks.com\/rs\/wp-json\/wp\/v2\/product_tag?post=17781"}],"curies":[{"name":"wp","href":"https:\/\/api.w.org\/{rel}","templated":true}]}}