{"id":17780,"date":"2025-04-02T14:46:01","date_gmt":"2025-04-02T14:46:01","guid":{"rendered":"https:\/\/www.sinpeks.com\/rs\/p\/traktor-john-deere-6135b-cab\/"},"modified":"2026-01-13T12:36:21","modified_gmt":"2026-01-13T12:36:21","slug":"traktor-john-deere-6135b-cab","status":"publish","type":"product","link":"https:\/\/www.sinpeks.com\/rs\/p\/traktor-john-deere-6135b-cab\/","title":{"rendered":"Traktor John Deere 6150B cab"},"content":{"rendered":"<p>Traktorski motor isporu\u010duje beskompromisnu \u200b\u200bsnagu, 95% obrtnog momenta je dostupan pri 1.100 o\/min, a maksimalna snaga na 1.900 rpm. Na\u0161i svestrani traktori 6150B su dizajnirani i projektovani sa istom neuporedivom ve\u0161tinom kao i vece John Deere ma\u0161ine. 6B je s jedne strane kompaktan i okretan, a s druge strane ima neverovatnu snagu i stabilnost. Jedan traktor za mnoge primene. Menja\u010di od 30 km\/h i 40 km\/h sa vrhunskim sinhronizovanim menjanjem stepena prenosa u pokretu obezbe\u0111uju glatku vo\u017enju i iskustvo vo\u017enje. HVAC Economy Cab sa ventilacijom, grejanjem i klimatizacijom, Grammer MSG 85\/721 premium sedi\u0161te operatera, LED farovi, LED radna svetla (x2 napred i pozadi), rotacije, prednje tegove: 6 x 50 kg, tegovi na zadnjih to\u010dkova: 554 kg &#8211; 2 x (72+205).<\/p>\n","protected":false},"excerpt":{"rendered":"<p>Traktorski motor isporu\u010duje beskompromisnu \u200b\u200bsnagu, 95% obrtnog momenta je dostupan pri 1.100 o\/min, a maksimalna snaga na 1.900 rpm. Na\u0161i svestrani traktori 6150B su dizajnirani i projektovani sa istom neuporedivom ve\u0161tinom kao i vece John Deere ma\u0161ine. 6B je s jedne strane kompaktan i okretan, a s druge strane ima neverovatnu snagu i stabilnost. Jedan [&hellip;]<\/p>\n","protected":false},"featured_media":18369,"comment_status":"open","ping_status":"closed","template":"","meta":{"_acf_changed":false},"product_cat":[60],"product_tag":[],"class_list":{"0":"post-17780","1":"product","2":"type-product","3":"status-publish","4":"has-post-thumbnail","6":"product_cat-poljoprivredni","7":"product_shipping_class-ostale-kategorije-makedonija","8":"pa_b-john-deere","9":"pa_gorivo-dizel","10":"pa_kabina-sa-kabinom","11":"pa_klimatizacija-sa-klimom","12":"pa_market-mk","13":"pa_market-rs","14":"pa_max-kapacitet-dizanja-5300-kg","15":"pa_menjac-sa-automatskim-menjacem","16":"pa_pogon-traktora-sa-4x4-pogonom-4wd","17":"pa_snaga-traktora-150-ks","19":"first","20":"outofstock","21":"sale","22":"taxable","23":"shipping-taxable","24":"purchasable","25":"product-type-simple"},"acf":[],"seolaxy_ctr_woo_product_custom_meta_description_content":"","_links":{"self":[{"href":"https:\/\/www.sinpeks.com\/rs\/wp-json\/wp\/v2\/product\/17780","targetHints":{"allow":["GET"]}}],"collection":[{"href":"https:\/\/www.sinpeks.com\/rs\/wp-json\/wp\/v2\/product"}],"about":[{"href":"https:\/\/www.sinpeks.com\/rs\/wp-json\/wp\/v2\/types\/product"}],"replies":[{"embeddable":true,"href":"https:\/\/www.sinpeks.com\/rs\/wp-json\/wp\/v2\/comments?post=17780"}],"wp:featuredmedia":[{"embeddable":true,"href":"https:\/\/www.sinpeks.com\/rs\/wp-json\/wp\/v2\/media\/18369"}],"wp:attachment":[{"href":"https:\/\/www.sinpeks.com\/rs\/wp-json\/wp\/v2\/media?parent=17780"}],"wp:term":[{"taxonomy":"product_cat","embeddable":true,"href":"https:\/\/www.sinpeks.com\/rs\/wp-json\/wp\/v2\/product_cat?post=17780"},{"taxonomy":"product_tag","embeddable":true,"href":"https:\/\/www.sinpeks.com\/rs\/wp-json\/wp\/v2\/product_tag?post=17780"}],"curies":[{"name":"wp","href":"https:\/\/api.w.org\/{rel}","templated":true}]}}