{"id":17482,"date":"2025-03-27T08:35:24","date_gmt":"2025-03-27T08:35:24","guid":{"rendered":"https:\/\/www.sinpeks.com\/rs\/p\/drzac-elektroda-eehr3001-emtop\/"},"modified":"2026-04-23T09:17:30","modified_gmt":"2026-04-23T09:17:30","slug":"drzac-elektroda-eehr3001-emtop","status":"publish","type":"product","link":"https:\/\/www.sinpeks.com\/rs\/p\/drzac-elektroda-eehr3001-emtop\/","title":{"rendered":"Dr\u017ea\u010d elektroda EEHR3001 Emtop"},"content":{"rendered":"<p>Dr\u017ea\u010d elektrode (\u0161tipaljka) EEHR3001 Emtop dizajniran za MMA zavariva\u010de.<\/p>\n","protected":false},"excerpt":{"rendered":"<p>Dr\u017ea\u010d elektrode (\u0161tipaljka) EEHR3001 Emtop dizajniran za MMA zavariva\u010de.<\/p>\n","protected":false},"featured_media":17534,"comment_status":"open","ping_status":"closed","template":"","meta":{"_acf_changed":false},"product_cat":[220,5293],"product_tag":[],"class_list":{"0":"post-17482","1":"product","2":"type-product","3":"status-publish","4":"has-post-thumbnail","6":"product_cat-dodaci-za-aparate","7":"product_cat-emtop-akcija","8":"product_shipping_class-alati-masine-srbija","9":"pa_b-emtop","10":"pa_market-ba","11":"pa_market-mk","12":"pa_market-rs","13":"pa_struja-zavarivanja-300-a","15":"first","16":"instock","17":"sale","18":"taxable","19":"shipping-taxable","20":"purchasable","21":"product-type-simple"},"acf":[],"seolaxy_ctr_woo_product_custom_meta_description_content":"","_links":{"self":[{"href":"https:\/\/www.sinpeks.com\/rs\/wp-json\/wp\/v2\/product\/17482","targetHints":{"allow":["GET"]}}],"collection":[{"href":"https:\/\/www.sinpeks.com\/rs\/wp-json\/wp\/v2\/product"}],"about":[{"href":"https:\/\/www.sinpeks.com\/rs\/wp-json\/wp\/v2\/types\/product"}],"replies":[{"embeddable":true,"href":"https:\/\/www.sinpeks.com\/rs\/wp-json\/wp\/v2\/comments?post=17482"}],"wp:featuredmedia":[{"embeddable":true,"href":"https:\/\/www.sinpeks.com\/rs\/wp-json\/wp\/v2\/media\/17534"}],"wp:attachment":[{"href":"https:\/\/www.sinpeks.com\/rs\/wp-json\/wp\/v2\/media?parent=17482"}],"wp:term":[{"taxonomy":"product_cat","embeddable":true,"href":"https:\/\/www.sinpeks.com\/rs\/wp-json\/wp\/v2\/product_cat?post=17482"},{"taxonomy":"product_tag","embeddable":true,"href":"https:\/\/www.sinpeks.com\/rs\/wp-json\/wp\/v2\/product_tag?post=17482"}],"curies":[{"name":"wp","href":"https:\/\/api.w.org\/{rel}","templated":true}]}}