{"id":17481,"date":"2025-03-27T08:35:23","date_gmt":"2025-03-27T08:35:23","guid":{"rendered":"https:\/\/www.sinpeks.com\/rs\/p\/zastitne-rukavice-za-varenje-montana\/"},"modified":"2026-05-04T21:29:41","modified_gmt":"2026-05-04T21:29:41","slug":"zastitne-rukavice-za-varenje-montana","status":"publish","type":"product","link":"https:\/\/www.sinpeks.com\/rs\/p\/zastitne-rukavice-za-varenje-montana\/","title":{"rendered":"Za\u0161titne rukavice za varenje MONTANA"},"content":{"rendered":"<p>Montana rukavice su dizajnirane za profesionalnu upotrebu za aktivnosti zavarivanja koje zahtevaju visoku za\u0161titu od toplote, varnica, prskanja i mehani\u010dke snage. Celokupna konstrukcija je napravljena od prave, debele i kvalitetne ko\u017ee ali u kombinaciji sa dobrom pokretljivo\u0161c\u0301u, sve sa ciljem obezbe\u0111ivanja \u010dvrstoc\u0301e i za\u0161tite. Oja\u010dani ko\u017eni \u0161av sa duplim \u0161avovima daje proizvodu dodatnu snagu i trajnost. Unutra\u0161nja podstava od tkanine povec\u0301ava za\u0161titu od visokih temperatura i izra\u0111ena je od mekog pamuka u predelu ruku kako bi se obezbedila vec\u0301a udobnost i upija znoj. Konstrukcija rukavica je dizajnirana da pokrije podlaktice i za\u0161titi ih od varnica, plamena, prskanja i toplote. Rukavice tip A. Veli\u010dina 10.<br \/>\nLi\u010dna za\u0161titna oprema (PPE) u skladu sa standardima EN 420:2003+A1:2009, EN 12477:2001+A1:2005, EN 407:2004 i EN 388:2016.<\/p>\n","protected":false},"excerpt":{"rendered":"<p>Montana rukavice su dizajnirane za profesionalnu upotrebu za aktivnosti zavarivanja koje zahtevaju visoku za\u0161titu od toplote, varnica, prskanja i mehani\u010dke snage. Celokupna konstrukcija je napravljena od prave, debele i kvalitetne ko\u017ee ali u kombinaciji sa dobrom pokretljivo\u0161c\u0301u, sve sa ciljem obezbe\u0111ivanja \u010dvrstoc\u0301e i za\u0161tite. Oja\u010dani ko\u017eni \u0161av sa duplim \u0161avovima daje proizvodu dodatnu snagu i [&hellip;]<\/p>\n","protected":false},"featured_media":17531,"comment_status":"open","ping_status":"closed","template":"","meta":{"_acf_changed":false},"product_cat":[220],"product_tag":[],"class_list":{"0":"post-17481","1":"product","2":"type-product","3":"status-publish","4":"has-post-thumbnail","6":"product_cat-dodaci-za-aparate","7":"product_shipping_class-alati-masine-makedonija","8":"pa_b-telwin","9":"pa_market-ba","10":"pa_market-mk","11":"pa_market-rs","13":"first","14":"outofstock","15":"sale","16":"taxable","17":"shipping-taxable","18":"purchasable","19":"product-type-simple"},"acf":[],"seolaxy_ctr_woo_product_custom_meta_description_content":"","_links":{"self":[{"href":"https:\/\/www.sinpeks.com\/rs\/wp-json\/wp\/v2\/product\/17481","targetHints":{"allow":["GET"]}}],"collection":[{"href":"https:\/\/www.sinpeks.com\/rs\/wp-json\/wp\/v2\/product"}],"about":[{"href":"https:\/\/www.sinpeks.com\/rs\/wp-json\/wp\/v2\/types\/product"}],"replies":[{"embeddable":true,"href":"https:\/\/www.sinpeks.com\/rs\/wp-json\/wp\/v2\/comments?post=17481"}],"wp:featuredmedia":[{"embeddable":true,"href":"https:\/\/www.sinpeks.com\/rs\/wp-json\/wp\/v2\/media\/17531"}],"wp:attachment":[{"href":"https:\/\/www.sinpeks.com\/rs\/wp-json\/wp\/v2\/media?parent=17481"}],"wp:term":[{"taxonomy":"product_cat","embeddable":true,"href":"https:\/\/www.sinpeks.com\/rs\/wp-json\/wp\/v2\/product_cat?post=17481"},{"taxonomy":"product_tag","embeddable":true,"href":"https:\/\/www.sinpeks.com\/rs\/wp-json\/wp\/v2\/product_tag?post=17481"}],"curies":[{"name":"wp","href":"https:\/\/api.w.org\/{rel}","templated":true}]}}