{"id":17480,"date":"2025-03-27T08:35:20","date_gmt":"2025-03-27T08:35:20","guid":{"rendered":"https:\/\/www.sinpeks.com\/rs\/p\/magnetni-drzac-34-kg-bl\/"},"modified":"2026-01-21T12:30:35","modified_gmt":"2026-01-21T12:30:35","slug":"magnetni-drzac-34-kg-bl","status":"publish","type":"product","link":"https:\/\/www.sinpeks.com\/rs\/p\/magnetni-drzac-34-kg-bl\/","title":{"rendered":"Magnetni dr\u017ea\u010d &#8211; 34 KG BL"},"content":{"rendered":"<p>Magnetni pozicioner je posebno koristan jer olak\u0161ava operacije zavarivanja dr\u017eec\u0301i komponente zajedno i fiksirajuc\u0301i ih u \u017eeljenom polo\u017eaju.<\/p>\n","protected":false},"excerpt":{"rendered":"<p>Magnetni pozicioner je posebno koristan jer olak\u0161ava operacije zavarivanja dr\u017eec\u0301i komponente zajedno i fiksirajuc\u0301i ih u \u017eeljenom polo\u017eaju.<\/p>\n","protected":false},"featured_media":17525,"comment_status":"open","ping_status":"closed","template":"","meta":{"_acf_changed":false},"product_cat":[220],"product_tag":[],"class_list":{"0":"post-17480","1":"product","2":"type-product","3":"status-publish","4":"has-post-thumbnail","6":"product_cat-dodaci-za-aparate","7":"product_shipping_class-alati-masine-makedonija","8":"pa_b-telwin","9":"pa_market-ba","10":"pa_market-mk","11":"pa_market-rs","13":"first","14":"outofstock","15":"sale","16":"taxable","17":"shipping-taxable","18":"purchasable","19":"product-type-simple"},"acf":[],"seolaxy_ctr_woo_product_custom_meta_description_content":"","_links":{"self":[{"href":"https:\/\/www.sinpeks.com\/rs\/wp-json\/wp\/v2\/product\/17480","targetHints":{"allow":["GET"]}}],"collection":[{"href":"https:\/\/www.sinpeks.com\/rs\/wp-json\/wp\/v2\/product"}],"about":[{"href":"https:\/\/www.sinpeks.com\/rs\/wp-json\/wp\/v2\/types\/product"}],"replies":[{"embeddable":true,"href":"https:\/\/www.sinpeks.com\/rs\/wp-json\/wp\/v2\/comments?post=17480"}],"wp:featuredmedia":[{"embeddable":true,"href":"https:\/\/www.sinpeks.com\/rs\/wp-json\/wp\/v2\/media\/17525"}],"wp:attachment":[{"href":"https:\/\/www.sinpeks.com\/rs\/wp-json\/wp\/v2\/media?parent=17480"}],"wp:term":[{"taxonomy":"product_cat","embeddable":true,"href":"https:\/\/www.sinpeks.com\/rs\/wp-json\/wp\/v2\/product_cat?post=17480"},{"taxonomy":"product_tag","embeddable":true,"href":"https:\/\/www.sinpeks.com\/rs\/wp-json\/wp\/v2\/product_tag?post=17480"}],"curies":[{"name":"wp","href":"https:\/\/api.w.org\/{rel}","templated":true}]}}