{"id":17478,"date":"2025-03-27T08:35:17","date_gmt":"2025-03-27T08:35:17","guid":{"rendered":"https:\/\/www.sinpeks.com\/rs\/p\/drzac-elektroda-sa-kablom-4m-ax50\/"},"modified":"2026-01-13T12:11:54","modified_gmt":"2026-01-13T12:11:54","slug":"drzac-elektroda-sa-kablom-4m-ax50","status":"publish","type":"product","link":"https:\/\/www.sinpeks.com\/rs\/p\/drzac-elektroda-sa-kablom-4m-ax50\/","title":{"rendered":"Dr\u017ea\u010d elektrode sa kablom 4m AX50"},"content":{"rendered":"<p>Profesionalni dr\u017ea\u010d za elektrodu sa kablom od 4 metra (presek 35 mm2). AKS50 veza. Dr\u017ea\u010d je napravljen od materijala visoke provodljivosti da garantuje visoke performanse; potpuna izolacija konstrukcije osigurava maksimalnu za\u0161titu i sigurnost za operatera.<\/p>\n","protected":false},"excerpt":{"rendered":"<p>Profesionalni dr\u017ea\u010d za elektrodu sa kablom od 4 metra (presek 35 mm2). AKS50 veza. Dr\u017ea\u010d je napravljen od materijala visoke provodljivosti da garantuje visoke performanse; potpuna izolacija konstrukcije osigurava maksimalnu za\u0161titu i sigurnost za operatera.<\/p>\n","protected":false},"featured_media":17520,"comment_status":"open","ping_status":"closed","template":"","meta":{"_acf_changed":false},"product_cat":[220],"product_tag":[],"class_list":{"0":"post-17478","1":"product","2":"type-product","3":"status-publish","4":"has-post-thumbnail","6":"product_cat-dodaci-za-aparate","7":"product_shipping_class-alati-masine-makedonija","8":"pa_b-telwin","9":"pa_market-ba","10":"pa_market-mk","11":"pa_market-rs","13":"first","14":"outofstock","15":"sale","16":"taxable","17":"shipping-taxable","18":"purchasable","19":"product-type-simple"},"acf":[],"seolaxy_ctr_woo_product_custom_meta_description_content":"","_links":{"self":[{"href":"https:\/\/www.sinpeks.com\/rs\/wp-json\/wp\/v2\/product\/17478","targetHints":{"allow":["GET"]}}],"collection":[{"href":"https:\/\/www.sinpeks.com\/rs\/wp-json\/wp\/v2\/product"}],"about":[{"href":"https:\/\/www.sinpeks.com\/rs\/wp-json\/wp\/v2\/types\/product"}],"replies":[{"embeddable":true,"href":"https:\/\/www.sinpeks.com\/rs\/wp-json\/wp\/v2\/comments?post=17478"}],"wp:featuredmedia":[{"embeddable":true,"href":"https:\/\/www.sinpeks.com\/rs\/wp-json\/wp\/v2\/media\/17520"}],"wp:attachment":[{"href":"https:\/\/www.sinpeks.com\/rs\/wp-json\/wp\/v2\/media?parent=17478"}],"wp:term":[{"taxonomy":"product_cat","embeddable":true,"href":"https:\/\/www.sinpeks.com\/rs\/wp-json\/wp\/v2\/product_cat?post=17478"},{"taxonomy":"product_tag","embeddable":true,"href":"https:\/\/www.sinpeks.com\/rs\/wp-json\/wp\/v2\/product_tag?post=17478"}],"curies":[{"name":"wp","href":"https:\/\/api.w.org\/{rel}","templated":true}]}}