{"id":17477,"date":"2025-03-27T08:35:15","date_gmt":"2025-03-27T08:35:15","guid":{"rendered":"https:\/\/www.sinpeks.com\/rs\/p\/drzac-elektroda-dallas-300-a\/"},"modified":"2026-05-04T21:29:40","modified_gmt":"2026-05-04T21:29:40","slug":"drzac-elektroda-dallas-300-a","status":"publish","type":"product","link":"https:\/\/www.sinpeks.com\/rs\/p\/drzac-elektroda-dallas-300-a\/","title":{"rendered":"Dr\u017ea\u010d elektrode Dallas 300 A"},"content":{"rendered":"<p>Profesionalni dr\u017ea\u010d za elektrodu za zavarivanja do 300A. Mo\u017ee se ugraditi na kablove preseka do 25 mm2. Napravljen je od materijala visoke provodljivosti kako bi se garantovale visoke performanse; potpuna izolacija konstrukcije osigurava maksimalnu za\u0161titu i sigurnost za operatera.<\/p>\n","protected":false},"excerpt":{"rendered":"<p>Profesionalni dr\u017ea\u010d za elektrodu za zavarivanja do 300A. Mo\u017ee se ugraditi na kablove preseka do 25 mm2. Napravljen je od materijala visoke provodljivosti kako bi se garantovale visoke performanse; potpuna izolacija konstrukcije osigurava maksimalnu za\u0161titu i sigurnost za operatera.<\/p>\n","protected":false},"featured_media":17519,"comment_status":"open","ping_status":"closed","template":"","meta":{"_acf_changed":false},"product_cat":[220],"product_tag":[],"class_list":{"0":"post-17477","1":"product","2":"type-product","3":"status-publish","4":"has-post-thumbnail","6":"product_cat-dodaci-za-aparate","7":"product_shipping_class-alati-masine-makedonija","8":"pa_b-telwin","9":"pa_market-ba","10":"pa_market-mk","11":"pa_market-rs","12":"pa_struja-zavarivanja-300-a","14":"first","15":"outofstock","16":"sale","17":"taxable","18":"shipping-taxable","19":"purchasable","20":"product-type-simple"},"acf":[],"seolaxy_ctr_woo_product_custom_meta_description_content":"","_links":{"self":[{"href":"https:\/\/www.sinpeks.com\/rs\/wp-json\/wp\/v2\/product\/17477","targetHints":{"allow":["GET"]}}],"collection":[{"href":"https:\/\/www.sinpeks.com\/rs\/wp-json\/wp\/v2\/product"}],"about":[{"href":"https:\/\/www.sinpeks.com\/rs\/wp-json\/wp\/v2\/types\/product"}],"replies":[{"embeddable":true,"href":"https:\/\/www.sinpeks.com\/rs\/wp-json\/wp\/v2\/comments?post=17477"}],"wp:featuredmedia":[{"embeddable":true,"href":"https:\/\/www.sinpeks.com\/rs\/wp-json\/wp\/v2\/media\/17519"}],"wp:attachment":[{"href":"https:\/\/www.sinpeks.com\/rs\/wp-json\/wp\/v2\/media?parent=17477"}],"wp:term":[{"taxonomy":"product_cat","embeddable":true,"href":"https:\/\/www.sinpeks.com\/rs\/wp-json\/wp\/v2\/product_cat?post=17477"},{"taxonomy":"product_tag","embeddable":true,"href":"https:\/\/www.sinpeks.com\/rs\/wp-json\/wp\/v2\/product_tag?post=17477"}],"curies":[{"name":"wp","href":"https:\/\/api.w.org\/{rel}","templated":true}]}}