{"id":17476,"date":"2025-03-27T08:35:14","date_gmt":"2025-03-27T08:35:14","guid":{"rendered":"https:\/\/www.sinpeks.com\/rs\/p\/magnetni-drzac-23-kg-bl\/"},"modified":"2026-05-04T21:29:40","modified_gmt":"2026-05-04T21:29:40","slug":"magnetni-drzac-23-kg-bl","status":"publish","type":"product","link":"https:\/\/www.sinpeks.com\/rs\/p\/magnetni-drzac-23-kg-bl\/","title":{"rendered":"Magnetni dr\u017ea\u010d &#8211; 23 KG BL"},"content":{"rendered":"<p>Magnetni pozicioner za zavarivanje. Odli\u010dan za dr\u017eanje materijala za zavarivanje tokom operacija zavarivanja. Omoguc\u0301ava ugao materijala za odli\u010dno zavarivanje postavljanjem uglova na 45\u00b0, 90\u00b0 i 135\u00b0. Sna\u017eni magnet omoguc\u0301ava pomeranje plo\u010da i profila do 23 kg i podizanje do 8 kg.<\/p>\n","protected":false},"excerpt":{"rendered":"<p>Magnetni pozicioner za zavarivanje. Odli\u010dan za dr\u017eanje materijala za zavarivanje tokom operacija zavarivanja. Omoguc\u0301ava ugao materijala za odli\u010dno zavarivanje postavljanjem uglova na 45\u00b0, 90\u00b0 i 135\u00b0. Sna\u017eni magnet omoguc\u0301ava pomeranje plo\u010da i profila do 23 kg i podizanje do 8 kg.<\/p>\n","protected":false},"featured_media":17514,"comment_status":"open","ping_status":"closed","template":"","meta":{"_acf_changed":false},"product_cat":[220],"product_tag":[],"class_list":{"0":"post-17476","1":"product","2":"type-product","3":"status-publish","4":"has-post-thumbnail","6":"product_cat-dodaci-za-aparate","7":"product_shipping_class-alati-masine-makedonija","8":"pa_b-telwin","9":"pa_market-ba","10":"pa_market-mk","11":"pa_market-rs","13":"first","14":"outofstock","15":"sale","16":"taxable","17":"shipping-taxable","18":"purchasable","19":"product-type-simple"},"acf":[],"seolaxy_ctr_woo_product_custom_meta_description_content":"","_links":{"self":[{"href":"https:\/\/www.sinpeks.com\/rs\/wp-json\/wp\/v2\/product\/17476","targetHints":{"allow":["GET"]}}],"collection":[{"href":"https:\/\/www.sinpeks.com\/rs\/wp-json\/wp\/v2\/product"}],"about":[{"href":"https:\/\/www.sinpeks.com\/rs\/wp-json\/wp\/v2\/types\/product"}],"replies":[{"embeddable":true,"href":"https:\/\/www.sinpeks.com\/rs\/wp-json\/wp\/v2\/comments?post=17476"}],"wp:featuredmedia":[{"embeddable":true,"href":"https:\/\/www.sinpeks.com\/rs\/wp-json\/wp\/v2\/media\/17514"}],"wp:attachment":[{"href":"https:\/\/www.sinpeks.com\/rs\/wp-json\/wp\/v2\/media?parent=17476"}],"wp:term":[{"taxonomy":"product_cat","embeddable":true,"href":"https:\/\/www.sinpeks.com\/rs\/wp-json\/wp\/v2\/product_cat?post=17476"},{"taxonomy":"product_tag","embeddable":true,"href":"https:\/\/www.sinpeks.com\/rs\/wp-json\/wp\/v2\/product_tag?post=17476"}],"curies":[{"name":"wp","href":"https:\/\/api.w.org\/{rel}","templated":true}]}}