{"id":17475,"date":"2025-03-27T08:35:11","date_gmt":"2025-03-27T08:35:11","guid":{"rendered":"https:\/\/www.sinpeks.com\/rs\/p\/cekic-za-zavarivanje\/"},"modified":"2026-05-04T21:29:40","modified_gmt":"2026-05-04T21:29:40","slug":"cekic-za-zavarivanje","status":"publish","type":"product","link":"https:\/\/www.sinpeks.com\/rs\/p\/cekic-za-zavarivanje\/","title":{"rendered":"\u010ceki\u0107 za zavarivanje"},"content":{"rendered":"<p>\u010cekic\u0301 za uklanjanje \u0161ljake, nezamenljiv alat za svakog zavariva\u010da. Od \u010delika, sa ergonomskom plasti\u010dnom ru\u010dkom.<\/p>\n","protected":false},"excerpt":{"rendered":"<p>\u010cekic\u0301 za uklanjanje \u0161ljake, nezamenljiv alat za svakog zavariva\u010da. Od \u010delika, sa ergonomskom plasti\u010dnom ru\u010dkom.<\/p>\n","protected":false},"featured_media":17513,"comment_status":"open","ping_status":"closed","template":"","meta":{"_acf_changed":false},"product_cat":[220],"product_tag":[],"class_list":{"0":"post-17475","1":"product","2":"type-product","3":"status-publish","4":"has-post-thumbnail","6":"product_cat-dodaci-za-aparate","7":"product_shipping_class-alati-masine-makedonija","8":"pa_b-telwin","9":"pa_market-ba","10":"pa_market-mk","11":"pa_market-rs","13":"first","14":"outofstock","15":"sale","16":"taxable","17":"shipping-taxable","18":"purchasable","19":"product-type-simple"},"acf":[],"seolaxy_ctr_woo_product_custom_meta_description_content":"","_links":{"self":[{"href":"https:\/\/www.sinpeks.com\/rs\/wp-json\/wp\/v2\/product\/17475","targetHints":{"allow":["GET"]}}],"collection":[{"href":"https:\/\/www.sinpeks.com\/rs\/wp-json\/wp\/v2\/product"}],"about":[{"href":"https:\/\/www.sinpeks.com\/rs\/wp-json\/wp\/v2\/types\/product"}],"replies":[{"embeddable":true,"href":"https:\/\/www.sinpeks.com\/rs\/wp-json\/wp\/v2\/comments?post=17475"}],"wp:featuredmedia":[{"embeddable":true,"href":"https:\/\/www.sinpeks.com\/rs\/wp-json\/wp\/v2\/media\/17513"}],"wp:attachment":[{"href":"https:\/\/www.sinpeks.com\/rs\/wp-json\/wp\/v2\/media?parent=17475"}],"wp:term":[{"taxonomy":"product_cat","embeddable":true,"href":"https:\/\/www.sinpeks.com\/rs\/wp-json\/wp\/v2\/product_cat?post=17475"},{"taxonomy":"product_tag","embeddable":true,"href":"https:\/\/www.sinpeks.com\/rs\/wp-json\/wp\/v2\/product_tag?post=17475"}],"curies":[{"name":"wp","href":"https:\/\/api.w.org\/{rel}","templated":true}]}}