{"id":17471,"date":"2025-03-27T08:35:04","date_gmt":"2025-03-27T08:35:04","guid":{"rendered":"https:\/\/www.sinpeks.com\/rs\/p\/rucka-za-tig-zavarivanje-st18-ax50-4m-aqua\/"},"modified":"2026-05-04T19:55:46","modified_gmt":"2026-05-04T19:55:46","slug":"rucka-za-tig-zavarivanje-st18-ax50-4m-aqua","status":"publish","type":"product","link":"https:\/\/www.sinpeks.com\/rs\/p\/rucka-za-tig-zavarivanje-st18-ax50-4m-aqua\/","title":{"rendered":"Ru\u010dka za TIG zavarivanje ST18 AX50 4m Aqua"},"content":{"rendered":"<p>TIG gorionik za zavarivanje ST18A, vodeno hla\u0111en kablom od 4 metra sa 5-pinskim kontrolnim konektorom. Pode\u0161avanje gasa se vr\u0161i preko dugmeta na ru\u010dki. Ru\u010dka mo\u017ee da radi sa maksimalnom strujom od 320A DC i 225A AC (@35%). Gasni konektor tip G 3\/8. Sa 2,4 mm DC elektrodom i relevantnim potro\u0161nim materijalom.<\/p>\n","protected":false},"excerpt":{"rendered":"<p>TIG gorionik za zavarivanje ST18A, vodeno hla\u0111en kablom od 4 metra sa 5-pinskim kontrolnim konektorom. Pode\u0161avanje gasa se vr\u0161i preko dugmeta na ru\u010dki. Ru\u010dka mo\u017ee da radi sa maksimalnom strujom od 320A DC i 225A AC (@35%). Gasni konektor tip G 3\/8. Sa 2,4 mm DC elektrodom i relevantnim potro\u0161nim materijalom.<\/p>\n","protected":false},"featured_media":17504,"comment_status":"open","ping_status":"closed","template":"","meta":{"_acf_changed":false},"product_cat":[220],"product_tag":[],"class_list":{"0":"post-17471","1":"product","2":"type-product","3":"status-publish","4":"has-post-thumbnail","6":"product_cat-dodaci-za-aparate","7":"product_shipping_class-alati-masine-makedonija","8":"pa_b-telwin","9":"pa_market-ba","10":"pa_market-mk","11":"pa_market-rs","12":"pa_struja-zavarivanja-320-a","14":"first","15":"outofstock","16":"sale","17":"taxable","18":"shipping-taxable","19":"purchasable","20":"product-type-simple"},"acf":[],"seolaxy_ctr_woo_product_custom_meta_description_content":"","_links":{"self":[{"href":"https:\/\/www.sinpeks.com\/rs\/wp-json\/wp\/v2\/product\/17471","targetHints":{"allow":["GET"]}}],"collection":[{"href":"https:\/\/www.sinpeks.com\/rs\/wp-json\/wp\/v2\/product"}],"about":[{"href":"https:\/\/www.sinpeks.com\/rs\/wp-json\/wp\/v2\/types\/product"}],"replies":[{"embeddable":true,"href":"https:\/\/www.sinpeks.com\/rs\/wp-json\/wp\/v2\/comments?post=17471"}],"wp:featuredmedia":[{"embeddable":true,"href":"https:\/\/www.sinpeks.com\/rs\/wp-json\/wp\/v2\/media\/17504"}],"wp:attachment":[{"href":"https:\/\/www.sinpeks.com\/rs\/wp-json\/wp\/v2\/media?parent=17471"}],"wp:term":[{"taxonomy":"product_cat","embeddable":true,"href":"https:\/\/www.sinpeks.com\/rs\/wp-json\/wp\/v2\/product_cat?post=17471"},{"taxonomy":"product_tag","embeddable":true,"href":"https:\/\/www.sinpeks.com\/rs\/wp-json\/wp\/v2\/product_tag?post=17471"}],"curies":[{"name":"wp","href":"https:\/\/api.w.org\/{rel}","templated":true}]}}