{"id":17461,"date":"2025-03-27T08:34:07","date_gmt":"2025-03-27T08:34:07","guid":{"rendered":"https:\/\/www.sinpeks.com\/rs\/p\/aparat-za-zavarivanje-160a-ewdem1661-emtop\/"},"modified":"2026-05-04T21:44:58","modified_gmt":"2026-05-04T21:44:58","slug":"aparat-za-zavarivanje-160a-ewdem1661-emtop","status":"publish","type":"product","link":"https:\/\/www.sinpeks.com\/rs\/p\/aparat-za-zavarivanje-160a-ewdem1661-emtop\/","title":{"rendered":"Aparat za zavarivanje 160A EWDEM1661 Emtop"},"content":{"rendered":"<p>MMA aparat za zavarivanje sa IGBT inverterskom tehnologijom u kompletu sa dr\u017ea\u010dem elektrode, klje\u0161tima za masu, \u010detkom i maskom za zavarivanje.<\/p>\n","protected":false},"excerpt":{"rendered":"<p>MMA aparat za zavarivanje sa IGBT inverterskom tehnologijom u kompletu sa dr\u017ea\u010dem elektrode, klje\u0161tima za masu, \u010detkom i maskom za zavarivanje.<\/p>\n","protected":false},"featured_media":17544,"comment_status":"open","ping_status":"closed","template":"","meta":{"_acf_changed":false},"product_cat":[218,5293],"product_tag":[],"class_list":{"0":"post-17461","1":"product","2":"type-product","3":"status-publish","4":"has-post-thumbnail","6":"product_cat-aparati-za-varenje","7":"product_cat-emtop-akcija","8":"product_shipping_class-alati-masine-makedonija","9":"pa_b-emtop","10":"pa_market-ba","11":"pa_market-mk","12":"pa_market-rs","13":"pa_napon-230-v-50hz","14":"pa_precnik-elektrode-16-4-mm","15":"pa_struja-zavarivanja-15-160-a","16":"pa_tip-zavarivanja-mma","18":"first","19":"instock","20":"sale","21":"taxable","22":"shipping-taxable","23":"purchasable","24":"product-type-simple"},"acf":[],"seolaxy_ctr_woo_product_custom_meta_description_content":"","_links":{"self":[{"href":"https:\/\/www.sinpeks.com\/rs\/wp-json\/wp\/v2\/product\/17461","targetHints":{"allow":["GET"]}}],"collection":[{"href":"https:\/\/www.sinpeks.com\/rs\/wp-json\/wp\/v2\/product"}],"about":[{"href":"https:\/\/www.sinpeks.com\/rs\/wp-json\/wp\/v2\/types\/product"}],"replies":[{"embeddable":true,"href":"https:\/\/www.sinpeks.com\/rs\/wp-json\/wp\/v2\/comments?post=17461"}],"wp:featuredmedia":[{"embeddable":true,"href":"https:\/\/www.sinpeks.com\/rs\/wp-json\/wp\/v2\/media\/17544"}],"wp:attachment":[{"href":"https:\/\/www.sinpeks.com\/rs\/wp-json\/wp\/v2\/media?parent=17461"}],"wp:term":[{"taxonomy":"product_cat","embeddable":true,"href":"https:\/\/www.sinpeks.com\/rs\/wp-json\/wp\/v2\/product_cat?post=17461"},{"taxonomy":"product_tag","embeddable":true,"href":"https:\/\/www.sinpeks.com\/rs\/wp-json\/wp\/v2\/product_tag?post=17461"}],"curies":[{"name":"wp","href":"https:\/\/api.w.org\/{rel}","templated":true}]}}