{"id":16990,"date":"2025-03-21T13:14:02","date_gmt":"2025-03-21T13:14:02","guid":{"rendered":"https:\/\/www.sinpeks.com\/rs\/p\/sakupljac-sena-balerina-agrina-35-m-2\/"},"modified":"2026-04-27T12:46:02","modified_gmt":"2026-04-27T12:46:02","slug":"sakupljac-sena-balerina-agrina-35-m","status":"publish","type":"product","link":"https:\/\/www.sinpeks.com\/rs\/p\/sakupljac-sena-balerina-agrina-35-m\/","title":{"rendered":"Sakuplja\u010d sena Balerina Agrina 3,3 m"},"content":{"rendered":"<p>Traktorska ma\u0161ina koja koja se koristi za sakupljanje, rastresanje i prevrtanje poko\u0161ene travne mase. Ima rotor sa dijametrom od 2900 mm, po 9 igala na svakom rotoru i radnu \u0161irinu od 3300 mm. Na\u010din povezivanja sa traktorom-u tri ta\u010dke, kategorije I i II.<\/p>\n<p>&nbsp;<\/p>\n","protected":false},"excerpt":{"rendered":"<p>Traktorska ma\u0161ina koja koja se koristi za sakupljanje, rastresanje i prevrtanje poko\u0161ene travne mase. Ima rotor sa dijametrom od 2900 mm, po 9 igala na svakom rotoru i radnu \u0161irinu od 3300 mm. Na\u010din povezivanja sa traktorom-u tri ta\u010dke, kategorije I i II. &nbsp;<\/p>\n","protected":false},"featured_media":23483,"comment_status":"open","ping_status":"closed","template":"","meta":{"_acf_changed":false},"product_cat":[96],"product_tag":[],"class_list":{"0":"post-16990","1":"product","2":"type-product","3":"status-publish","4":"has-post-thumbnail","6":"product_cat-sakupljaci-sena","7":"product_shipping_class-ostale-kategorije-makedonija","8":"pa_b-agrina","9":"pa_broj-radnih-tela-3x9","10":"pa_market-ba","11":"pa_market-mk","12":"pa_market-rs","13":"pa_min-snaga-traktora-30-ks","14":"pa_radna-sirina-330-cm","16":"first","17":"instock","18":"sale","19":"taxable","20":"shipping-taxable","21":"purchasable","22":"product-type-simple"},"acf":[],"seolaxy_ctr_woo_product_custom_meta_description_content":"","_links":{"self":[{"href":"https:\/\/www.sinpeks.com\/rs\/wp-json\/wp\/v2\/product\/16990","targetHints":{"allow":["GET"]}}],"collection":[{"href":"https:\/\/www.sinpeks.com\/rs\/wp-json\/wp\/v2\/product"}],"about":[{"href":"https:\/\/www.sinpeks.com\/rs\/wp-json\/wp\/v2\/types\/product"}],"replies":[{"embeddable":true,"href":"https:\/\/www.sinpeks.com\/rs\/wp-json\/wp\/v2\/comments?post=16990"}],"wp:featuredmedia":[{"embeddable":true,"href":"https:\/\/www.sinpeks.com\/rs\/wp-json\/wp\/v2\/media\/23483"}],"wp:attachment":[{"href":"https:\/\/www.sinpeks.com\/rs\/wp-json\/wp\/v2\/media?parent=16990"}],"wp:term":[{"taxonomy":"product_cat","embeddable":true,"href":"https:\/\/www.sinpeks.com\/rs\/wp-json\/wp\/v2\/product_cat?post=16990"},{"taxonomy":"product_tag","embeddable":true,"href":"https:\/\/www.sinpeks.com\/rs\/wp-json\/wp\/v2\/product_tag?post=16990"}],"curies":[{"name":"wp","href":"https:\/\/api.w.org\/{rel}","templated":true}]}}