{"id":16985,"date":"2025-03-21T13:13:27","date_gmt":"2025-03-21T13:13:27","guid":{"rendered":"https:\/\/www.sinpeks.com\/rs\/p\/sadilica-za-krompir-2-reda-bomet-625-675-sa-depozitorima\/"},"modified":"2026-04-28T10:54:46","modified_gmt":"2026-04-28T10:54:46","slug":"sadilica-za-krompir-2-reda-bomet-625-675-sa-depozitorima","status":"publish","type":"product","link":"https:\/\/www.sinpeks.com\/rs\/p\/sadilica-za-krompir-2-reda-bomet-625-675-sa-depozitorima\/","title":{"rendered":"Sadilica za krompir 2 reda Bomet 62,5\/67,5 sa depozitorima"},"content":{"rendered":"<p>Dvoredna priklju\u010dna ma\u0161ina za traktor koja se koristi za sadnju krompira. Priklju\u010dak ma\u0161ine je standardni 3 ta\u010dke kategorija II. Sadnja se mo\u017ee vr\u0161iti na me\u0111urednom rastojanju od 62,5 \/ 67,5 cm a seme na 29 cm 32 cm i 35 cm promenljivom rastojanju sa metalnim to\u010dkovima i na konstantnom rastojanju od 32 cm sa gumenim to\u010dkovima. Dubina sadnje je 10-15 cm. Ma\u0161ina ima depozitore za \u0111ubrivo.<\/p>\n","protected":false},"excerpt":{"rendered":"<p>Dvoredna priklju\u010dna ma\u0161ina za traktor koja se koristi za sadnju krompira. Priklju\u010dak ma\u0161ine je standardni 3 ta\u010dke kategorija II. Sadnja se mo\u017ee vr\u0161iti na me\u0111urednom rastojanju od 62,5 \/ 67,5 cm a seme na 29 cm 32 cm i 35 cm promenljivom rastojanju sa metalnim to\u010dkovima i na konstantnom rastojanju od 32 cm sa gumenim [&hellip;]<\/p>\n","protected":false},"featured_media":17003,"comment_status":"open","ping_status":"closed","template":"","meta":{"_acf_changed":false},"product_cat":[91],"product_tag":[],"class_list":{"0":"post-16985","1":"product","2":"type-product","3":"status-publish","4":"has-post-thumbnail","6":"product_cat-za-krompir","7":"product_shipping_class-ostale-kategorije-srbija","8":"pa_b-bomet","9":"pa_kapacitet-rezervoara-180-kg","10":"pa_market-ba","11":"pa_market-mk","12":"pa_market-rs","13":"pa_min-snaga-traktora-38-ks","14":"pa_tip-masine-po-redovima-dvoredne","16":"first","17":"instock","18":"sale","19":"taxable","20":"shipping-taxable","21":"purchasable","22":"product-type-simple"},"acf":[],"seolaxy_ctr_woo_product_custom_meta_description_content":"","_links":{"self":[{"href":"https:\/\/www.sinpeks.com\/rs\/wp-json\/wp\/v2\/product\/16985","targetHints":{"allow":["GET"]}}],"collection":[{"href":"https:\/\/www.sinpeks.com\/rs\/wp-json\/wp\/v2\/product"}],"about":[{"href":"https:\/\/www.sinpeks.com\/rs\/wp-json\/wp\/v2\/types\/product"}],"replies":[{"embeddable":true,"href":"https:\/\/www.sinpeks.com\/rs\/wp-json\/wp\/v2\/comments?post=16985"}],"wp:featuredmedia":[{"embeddable":true,"href":"https:\/\/www.sinpeks.com\/rs\/wp-json\/wp\/v2\/media\/17003"}],"wp:attachment":[{"href":"https:\/\/www.sinpeks.com\/rs\/wp-json\/wp\/v2\/media?parent=16985"}],"wp:term":[{"taxonomy":"product_cat","embeddable":true,"href":"https:\/\/www.sinpeks.com\/rs\/wp-json\/wp\/v2\/product_cat?post=16985"},{"taxonomy":"product_tag","embeddable":true,"href":"https:\/\/www.sinpeks.com\/rs\/wp-json\/wp\/v2\/product_tag?post=16985"}],"curies":[{"name":"wp","href":"https:\/\/api.w.org\/{rel}","templated":true}]}}