{"id":16798,"date":"2025-03-18T22:27:56","date_gmt":"2025-03-18T22:27:56","guid":{"rendered":"https:\/\/www.sinpeks.com\/rs\/p\/teleskopski-viljuskar-manitou-mt-x-1840-a\/"},"modified":"2026-01-13T12:28:12","modified_gmt":"2026-01-13T12:28:12","slug":"teleskopski-viljuskar-manitou-mt-x-1840-a","status":"publish","type":"product","link":"https:\/\/www.sinpeks.com\/rs\/p\/teleskopski-viljuskar-manitou-mt-x-1840-a\/","title":{"rendered":"Teleskopski vilju\u0161kar Manitou MT-X 1840 A"},"content":{"rendered":"<p>Teleskopski utovariva\u010d MT-X 1840 A je sposoban da podigne teret do 4 tone do 18 m i savr\u0161eno je prikladan za lokacije koje zahtevaju rad na visini. Dodavanjem radne platforme u postavu moc\u0301i c\u0301ete da obavljate poslove na kojima osoblje treba da radi na vi\u0161im mestima, kao \u0161to su pokrivanje krovova, pokrivanje pocinkovanih krovova, oblaganje, itd. Mo\u017eete o\u010dekivati mnogo vi\u0161e u pogledu svestranosti zahvaljujuc\u0301i svim dostupnim kompatibilnim dodacima. Sa svojim izda\u0161nim klirensom od tla, pogonom na 4 to\u010dka i 3 na\u010dina upravljanja, podjednako je upravljiv sa ili bez tereta, na ravnom ili neravnom terenu, kojim mo\u017eete bezbedno da se nosite zahvaljujuc\u0301i podupira\u010dima i sistemu nivelisanja rama.<\/p>\n","protected":false},"excerpt":{"rendered":"<p>Teleskopski utovariva\u010d MT-X 1840 A je sposoban da podigne teret do 4 tone do 18 m i savr\u0161eno je prikladan za lokacije koje zahtevaju rad na visini. Dodavanjem radne platforme u postavu moc\u0301i c\u0301ete da obavljate poslove na kojima osoblje treba da radi na vi\u0161im mestima, kao \u0161to su pokrivanje krovova, pokrivanje pocinkovanih krovova, oblaganje, [&hellip;]<\/p>\n","protected":false},"featured_media":16807,"comment_status":"open","ping_status":"closed","template":"","meta":{"_acf_changed":false},"product_cat":[167],"product_tag":[],"class_list":{"0":"post-16798","1":"product","2":"type-product","3":"status-publish","4":"has-post-thumbnail","6":"product_cat-terenski","7":"product_shipping_class-ostale-kategorije-makedonija","8":"pa_b-manitou","9":"pa_market-ba","10":"pa_market-mk","11":"pa_market-rs","12":"pa_nosivost-4000-kg","13":"pa_snaga-motora-5-kw-101-ks-74","14":"pa_visina-dizanja-1755-m","16":"first","17":"outofstock","18":"taxable","19":"shipping-taxable","20":"purchasable","21":"product-type-simple"},"acf":[],"seolaxy_ctr_woo_product_custom_meta_description_content":"","_links":{"self":[{"href":"https:\/\/www.sinpeks.com\/rs\/wp-json\/wp\/v2\/product\/16798","targetHints":{"allow":["GET"]}}],"collection":[{"href":"https:\/\/www.sinpeks.com\/rs\/wp-json\/wp\/v2\/product"}],"about":[{"href":"https:\/\/www.sinpeks.com\/rs\/wp-json\/wp\/v2\/types\/product"}],"replies":[{"embeddable":true,"href":"https:\/\/www.sinpeks.com\/rs\/wp-json\/wp\/v2\/comments?post=16798"}],"wp:featuredmedia":[{"embeddable":true,"href":"https:\/\/www.sinpeks.com\/rs\/wp-json\/wp\/v2\/media\/16807"}],"wp:attachment":[{"href":"https:\/\/www.sinpeks.com\/rs\/wp-json\/wp\/v2\/media?parent=16798"}],"wp:term":[{"taxonomy":"product_cat","embeddable":true,"href":"https:\/\/www.sinpeks.com\/rs\/wp-json\/wp\/v2\/product_cat?post=16798"},{"taxonomy":"product_tag","embeddable":true,"href":"https:\/\/www.sinpeks.com\/rs\/wp-json\/wp\/v2\/product_tag?post=16798"}],"curies":[{"name":"wp","href":"https:\/\/api.w.org\/{rel}","templated":true}]}}