{"id":16793,"date":"2025-03-18T22:27:54","date_gmt":"2025-03-18T22:27:54","guid":{"rendered":"https:\/\/www.sinpeks.com\/rs\/p\/teleskop-manitou-mlt-x-732\/"},"modified":"2026-01-13T11:15:03","modified_gmt":"2026-01-13T11:15:03","slug":"teleskop-manitou-mlt-x-732","status":"publish","type":"product","link":"https:\/\/www.sinpeks.com\/rs\/p\/teleskop-manitou-mlt-x-732\/","title":{"rendered":"Teleskop Manitou MLT-X 732"},"content":{"rendered":"<p>Teleskopski utovariva\u010d MLT-X 732 dolazi opremljen Powershuttle 4-brzinskim menja\u010dem koji pru\u017ea dobar raspon opcija brzine za optimalne performanse na osnovu va\u0161e specifi\u010dne primene. Ova ma\u0161ina je odli\u010dan izbor za prvo ulaganje ili opcija za korisnike koji \u017eele da naprave korak napred od traktora do svestranosti koju mogu da priu\u0161te teleskopski utovariva\u010di. Jednostavan za upotrebu, savr\u0161eno je pogodan za nove korisnike da izvode razli\u010dite aplikacije na farmi. Njegov motor od 95 KS i pretvara\u010d obrtnog momenta daju vam vi\u0161e nego dovoljno snage za vec\u0301inu zadataka.<\/p>\n","protected":false},"excerpt":{"rendered":"<p>Teleskopski utovariva\u010d MLT-X 732 dolazi opremljen Powershuttle 4-brzinskim menja\u010dem koji pru\u017ea dobar raspon opcija brzine za optimalne performanse na osnovu va\u0161e specifi\u010dne primene. Ova ma\u0161ina je odli\u010dan izbor za prvo ulaganje ili opcija za korisnike koji \u017eele da naprave korak napred od traktora do svestranosti koju mogu da priu\u0161te teleskopski utovariva\u010di. Jednostavan za upotrebu, savr\u0161eno [&hellip;]<\/p>\n","protected":false},"featured_media":16799,"comment_status":"open","ping_status":"closed","template":"","meta":{"_acf_changed":false},"product_cat":[167],"product_tag":[],"class_list":{"0":"post-16793","1":"product","2":"type-product","3":"status-publish","4":"has-post-thumbnail","6":"product_cat-terenski","7":"product_shipping_class-ostale-kategorije-makedonija","8":"pa_b-manitou","9":"pa_market-ba","10":"pa_market-mk","11":"pa_market-rs","12":"pa_nosivost-3200-kg","13":"pa_snaga-motora-70-kw-95-ks","14":"pa_visina-dizanja-69-m","16":"first","17":"outofstock","18":"taxable","19":"shipping-taxable","20":"purchasable","21":"product-type-simple"},"acf":[],"seolaxy_ctr_woo_product_custom_meta_description_content":"","_links":{"self":[{"href":"https:\/\/www.sinpeks.com\/rs\/wp-json\/wp\/v2\/product\/16793","targetHints":{"allow":["GET"]}}],"collection":[{"href":"https:\/\/www.sinpeks.com\/rs\/wp-json\/wp\/v2\/product"}],"about":[{"href":"https:\/\/www.sinpeks.com\/rs\/wp-json\/wp\/v2\/types\/product"}],"replies":[{"embeddable":true,"href":"https:\/\/www.sinpeks.com\/rs\/wp-json\/wp\/v2\/comments?post=16793"}],"wp:featuredmedia":[{"embeddable":true,"href":"https:\/\/www.sinpeks.com\/rs\/wp-json\/wp\/v2\/media\/16799"}],"wp:attachment":[{"href":"https:\/\/www.sinpeks.com\/rs\/wp-json\/wp\/v2\/media?parent=16793"}],"wp:term":[{"taxonomy":"product_cat","embeddable":true,"href":"https:\/\/www.sinpeks.com\/rs\/wp-json\/wp\/v2\/product_cat?post=16793"},{"taxonomy":"product_tag","embeddable":true,"href":"https:\/\/www.sinpeks.com\/rs\/wp-json\/wp\/v2\/product_tag?post=16793"}],"curies":[{"name":"wp","href":"https:\/\/api.w.org\/{rel}","templated":true}]}}