{"id":16727,"date":"2025-03-18T14:49:22","date_gmt":"2025-03-18T14:49:22","guid":{"rendered":"https:\/\/www.sinpeks.com\/rs\/p\/elektricni-viljuskar-manitou-me435\/"},"modified":"2026-01-13T12:09:52","modified_gmt":"2026-01-13T12:09:52","slug":"elektricni-viljuskar-manitou-me435","status":"publish","type":"product","link":"https:\/\/www.sinpeks.com\/rs\/p\/elektricni-viljuskar-manitou-me435\/","title":{"rendered":"Elektri\u010dni vilju\u0161kar Manitou ME435"},"content":{"rendered":"<p>Optimizujte svoje operacije rukovanja sa ME 435 elektri\u010dnim vilju\u0161karom. Ovaj Manitou model ima nosivost od 3500 kg i visinu dizanja od 6 metara (max). Dizajniran sa pa\u017eljivo odabranim komponentama, efikasno c\u0301e vam pomoc\u0301i u svim va\u0161im aplikacijama. Utovar\/istovar kamiona, skladi\u0161tenje, transport robe&#8230; Iskoristite brojne standardne i opcione opreme za povec\u0301anje produktivnosti!<\/p>\n","protected":false},"excerpt":{"rendered":"<p>Optimizujte svoje operacije rukovanja sa ME 435 elektri\u010dnim vilju\u0161karom. Ovaj Manitou model ima nosivost od 3500 kg i visinu dizanja od 6 metara (max). Dizajniran sa pa\u017eljivo odabranim komponentama, efikasno c\u0301e vam pomoc\u0301i u svim va\u0161im aplikacijama. Utovar\/istovar kamiona, skladi\u0161tenje, transport robe&#8230; Iskoristite brojne standardne i opcione opreme za povec\u0301anje produktivnosti!<\/p>\n","protected":false},"featured_media":16768,"comment_status":"open","ping_status":"closed","template":"","meta":{"_acf_changed":false},"product_cat":[163],"product_tag":[],"class_list":{"0":"post-16727","1":"product","2":"type-product","3":"status-publish","4":"has-post-thumbnail","6":"product_cat-elektricni","7":"product_shipping_class-ostale-kategorije-makedonija","8":"pa_b-manitou","9":"pa_market-ba","10":"pa_market-mk","11":"pa_market-rs","12":"pa_nosivost-3500-kg","13":"pa_tip-baterije-80v-700ah","14":"pa_visina-dizanja-6-m","16":"first","17":"outofstock","18":"taxable","19":"shipping-taxable","20":"purchasable","21":"product-type-simple"},"acf":[],"seolaxy_ctr_woo_product_custom_meta_description_content":"","_links":{"self":[{"href":"https:\/\/www.sinpeks.com\/rs\/wp-json\/wp\/v2\/product\/16727","targetHints":{"allow":["GET"]}}],"collection":[{"href":"https:\/\/www.sinpeks.com\/rs\/wp-json\/wp\/v2\/product"}],"about":[{"href":"https:\/\/www.sinpeks.com\/rs\/wp-json\/wp\/v2\/types\/product"}],"replies":[{"embeddable":true,"href":"https:\/\/www.sinpeks.com\/rs\/wp-json\/wp\/v2\/comments?post=16727"}],"wp:featuredmedia":[{"embeddable":true,"href":"https:\/\/www.sinpeks.com\/rs\/wp-json\/wp\/v2\/media\/16768"}],"wp:attachment":[{"href":"https:\/\/www.sinpeks.com\/rs\/wp-json\/wp\/v2\/media?parent=16727"}],"wp:term":[{"taxonomy":"product_cat","embeddable":true,"href":"https:\/\/www.sinpeks.com\/rs\/wp-json\/wp\/v2\/product_cat?post=16727"},{"taxonomy":"product_tag","embeddable":true,"href":"https:\/\/www.sinpeks.com\/rs\/wp-json\/wp\/v2\/product_tag?post=16727"}],"curies":[{"name":"wp","href":"https:\/\/api.w.org\/{rel}","templated":true}]}}