{"id":16726,"date":"2025-03-18T14:49:21","date_gmt":"2025-03-18T14:49:21","guid":{"rendered":"https:\/\/www.sinpeks.com\/rs\/p\/elektricni-viljuskar-manitou-me315-c\/"},"modified":"2026-01-13T12:09:52","modified_gmt":"2026-01-13T12:09:52","slug":"elektricni-viljuskar-manitou-me315-c","status":"publish","type":"product","link":"https:\/\/www.sinpeks.com\/rs\/p\/elektricni-viljuskar-manitou-me315-c\/","title":{"rendered":"Elektri\u010dni vilju\u0161kar Manitou ME315 C"},"content":{"rendered":"<p>Manitou ME 315C je elektri\u010dni vilju\u0161kar koji savr\u0161eno ispunjava zahteve dana\u0161njeg industrijskog tr\u017ei\u0161ta. Jednostavan za upotrebu, nudi operateru odli\u010dnu manevarsku sposobnost za upotrebu u skladi\u0161tu. Utovar \/ istovar kamiona, stavljanje na zalihu, punjenje proizvodne linije&#8230; kamion ME 315C vam poma\u017ee u svim va\u0161im primenama! Iskoristite prednost njegovog posebno kompaktnog dizajna za lak rad u va\u0161em skladi\u0161tu ili proizvodnom mestu. Manitou ME 315C ima nosivost od 1500 kg.<\/p>\n","protected":false},"excerpt":{"rendered":"<p>Manitou ME 315C je elektri\u010dni vilju\u0161kar koji savr\u0161eno ispunjava zahteve dana\u0161njeg industrijskog tr\u017ei\u0161ta. Jednostavan za upotrebu, nudi operateru odli\u010dnu manevarsku sposobnost za upotrebu u skladi\u0161tu. Utovar \/ istovar kamiona, stavljanje na zalihu, punjenje proizvodne linije&#8230; kamion ME 315C vam poma\u017ee u svim va\u0161im primenama! Iskoristite prednost njegovog posebno kompaktnog dizajna za lak rad u va\u0161em [&hellip;]<\/p>\n","protected":false},"featured_media":16764,"comment_status":"open","ping_status":"closed","template":"","meta":{"_acf_changed":false},"product_cat":[163],"product_tag":[],"class_list":{"0":"post-16726","1":"product","2":"type-product","3":"status-publish","4":"has-post-thumbnail","6":"product_cat-elektricni","7":"product_shipping_class-ostale-kategorije-makedonija","8":"pa_b-manitou","9":"pa_market-ba","10":"pa_market-mk","11":"pa_market-rs","12":"pa_nosivost-1500-kg","13":"pa_tip-baterije-24v-840ah","14":"pa_visina-dizanja-5-m","16":"first","17":"outofstock","18":"taxable","19":"shipping-taxable","20":"purchasable","21":"product-type-simple"},"acf":[],"seolaxy_ctr_woo_product_custom_meta_description_content":"","_links":{"self":[{"href":"https:\/\/www.sinpeks.com\/rs\/wp-json\/wp\/v2\/product\/16726","targetHints":{"allow":["GET"]}}],"collection":[{"href":"https:\/\/www.sinpeks.com\/rs\/wp-json\/wp\/v2\/product"}],"about":[{"href":"https:\/\/www.sinpeks.com\/rs\/wp-json\/wp\/v2\/types\/product"}],"replies":[{"embeddable":true,"href":"https:\/\/www.sinpeks.com\/rs\/wp-json\/wp\/v2\/comments?post=16726"}],"wp:featuredmedia":[{"embeddable":true,"href":"https:\/\/www.sinpeks.com\/rs\/wp-json\/wp\/v2\/media\/16764"}],"wp:attachment":[{"href":"https:\/\/www.sinpeks.com\/rs\/wp-json\/wp\/v2\/media?parent=16726"}],"wp:term":[{"taxonomy":"product_cat","embeddable":true,"href":"https:\/\/www.sinpeks.com\/rs\/wp-json\/wp\/v2\/product_cat?post=16726"},{"taxonomy":"product_tag","embeddable":true,"href":"https:\/\/www.sinpeks.com\/rs\/wp-json\/wp\/v2\/product_tag?post=16726"}],"curies":[{"name":"wp","href":"https:\/\/api.w.org\/{rel}","templated":true}]}}