{"id":16724,"date":"2025-03-18T14:49:21","date_gmt":"2025-03-18T14:49:21","guid":{"rendered":"https:\/\/www.sinpeks.com\/rs\/p\/elektricni-paletar-manitou-ep-15\/"},"modified":"2026-01-13T11:57:38","modified_gmt":"2026-01-13T11:57:38","slug":"elektricni-paletar-manitou-ep-15","status":"publish","type":"product","link":"https:\/\/www.sinpeks.com\/rs\/p\/elektricni-paletar-manitou-ep-15\/","title":{"rendered":"Elektri\u010dni paletar Manitou EP 15"},"content":{"rendered":"<p>EP 15 Lithium EASY elektri\u010dni paletar je deo EASY asortimana. Njegova mala veli\u010dina ga \u010dini idealnim za upotrebu u kamionima ili malim skladi\u0161tima za preme\u0161tanje tereta do 1,5t. Integracija litijumske tehnologije i njegovog integrisanog punja\u010da omoguc\u0301ava veliku fleksibilnost upotrebe \u010dinec\u0301i EP15 Lithium EASY paletnim vilju\u0161karom koji se koristi svaki dan.<\/p>\n","protected":false},"excerpt":{"rendered":"<p>EP 15 Lithium EASY elektri\u010dni paletar je deo EASY asortimana. Njegova mala veli\u010dina ga \u010dini idealnim za upotrebu u kamionima ili malim skladi\u0161tima za preme\u0161tanje tereta do 1,5t. Integracija litijumske tehnologije i njegovog integrisanog punja\u010da omoguc\u0301ava veliku fleksibilnost upotrebe \u010dinec\u0301i EP15 Lithium EASY paletnim vilju\u0161karom koji se koristi svaki dan.<\/p>\n","protected":false},"featured_media":16757,"comment_status":"open","ping_status":"closed","template":"","meta":{"_acf_changed":false},"product_cat":[166],"product_tag":[],"class_list":{"0":"post-16724","1":"product","2":"type-product","3":"status-publish","4":"has-post-thumbnail","6":"product_cat-elektricni-paletari","7":"product_shipping_class-ostale-kategorije-makedonija","8":"pa_b-manitou","9":"pa_market-ba","10":"pa_market-mk","11":"pa_market-rs","12":"pa_nosivost-1500-kg","13":"pa_tip-baterije-24-40ah","14":"pa_visina-dizanja-02-m","16":"first","17":"outofstock","18":"sale","19":"taxable","20":"shipping-taxable","21":"purchasable","22":"product-type-simple"},"acf":[],"seolaxy_ctr_woo_product_custom_meta_description_content":"","_links":{"self":[{"href":"https:\/\/www.sinpeks.com\/rs\/wp-json\/wp\/v2\/product\/16724","targetHints":{"allow":["GET"]}}],"collection":[{"href":"https:\/\/www.sinpeks.com\/rs\/wp-json\/wp\/v2\/product"}],"about":[{"href":"https:\/\/www.sinpeks.com\/rs\/wp-json\/wp\/v2\/types\/product"}],"replies":[{"embeddable":true,"href":"https:\/\/www.sinpeks.com\/rs\/wp-json\/wp\/v2\/comments?post=16724"}],"wp:featuredmedia":[{"embeddable":true,"href":"https:\/\/www.sinpeks.com\/rs\/wp-json\/wp\/v2\/media\/16757"}],"wp:attachment":[{"href":"https:\/\/www.sinpeks.com\/rs\/wp-json\/wp\/v2\/media?parent=16724"}],"wp:term":[{"taxonomy":"product_cat","embeddable":true,"href":"https:\/\/www.sinpeks.com\/rs\/wp-json\/wp\/v2\/product_cat?post=16724"},{"taxonomy":"product_tag","embeddable":true,"href":"https:\/\/www.sinpeks.com\/rs\/wp-json\/wp\/v2\/product_tag?post=16724"}],"curies":[{"name":"wp","href":"https:\/\/api.w.org\/{rel}","templated":true}]}}