{"id":16723,"date":"2025-03-18T14:49:20","date_gmt":"2025-03-18T14:49:20","guid":{"rendered":"https:\/\/www.sinpeks.com\/rs\/p\/elektricni-slagac-16-t-4m-24v-270ah-pro\/"},"modified":"2026-01-13T11:23:09","modified_gmt":"2026-01-13T11:23:09","slug":"elektricni-slagac-16-t-4m-24v-270ah-pro","status":"publish","type":"product","link":"https:\/\/www.sinpeks.com\/rs\/p\/elektricni-slagac-16-t-4m-24v-270ah-pro\/","title":{"rendered":"Elektri\u010dni staker 1,6 t\/4m (24V\/270Ah)-Pro"},"content":{"rendered":"<p>Serija elektri\u010dnih paletara ES16-16VA, nosivosti 1,6 tona, visine podizanja do 4,8 metara i stopala (\u201enoge preko vilju\u0161ke\u201c) prilago\u0111ena za evropalete. ES16V-4m je dizajniran za intenzivne logisti\u010dke operacije, sa sna\u017enom baterijom od 24V\/270Ah i AC ZAPI kontrolnim sistemom.<\/p>\n","protected":false},"excerpt":{"rendered":"<p>Serija elektri\u010dnih paletara ES16-16VA, nosivosti 1,6 tona, visine podizanja do 4,8 metara i stopala (\u201enoge preko vilju\u0161ke\u201c) prilago\u0111ena za evropalete. ES16V-4m je dizajniran za intenzivne logisti\u010dke operacije, sa sna\u017enom baterijom od 24V\/270Ah i AC ZAPI kontrolnim sistemom.<\/p>\n","protected":false},"featured_media":16748,"comment_status":"open","ping_status":"closed","template":"","meta":{"_acf_changed":false},"product_cat":[166],"product_tag":[],"class_list":{"0":"post-16723","1":"product","2":"type-product","3":"status-publish","4":"has-post-thumbnail","6":"product_cat-elektricni-paletari","7":"product_shipping_class-ostale-kategorije-makedonija","8":"pa_b-agrina","9":"pa_market-ba","10":"pa_market-mk","11":"pa_market-rs","12":"pa_nosivost-1600-kg","13":"pa_tip-baterije-24v-270ah","14":"pa_visina-dizanja-4-m","16":"first","17":"outofstock","18":"sale","19":"taxable","20":"shipping-taxable","21":"purchasable","22":"product-type-simple"},"acf":[],"seolaxy_ctr_woo_product_custom_meta_description_content":"","_links":{"self":[{"href":"https:\/\/www.sinpeks.com\/rs\/wp-json\/wp\/v2\/product\/16723","targetHints":{"allow":["GET"]}}],"collection":[{"href":"https:\/\/www.sinpeks.com\/rs\/wp-json\/wp\/v2\/product"}],"about":[{"href":"https:\/\/www.sinpeks.com\/rs\/wp-json\/wp\/v2\/types\/product"}],"replies":[{"embeddable":true,"href":"https:\/\/www.sinpeks.com\/rs\/wp-json\/wp\/v2\/comments?post=16723"}],"wp:featuredmedia":[{"embeddable":true,"href":"https:\/\/www.sinpeks.com\/rs\/wp-json\/wp\/v2\/media\/16748"}],"wp:attachment":[{"href":"https:\/\/www.sinpeks.com\/rs\/wp-json\/wp\/v2\/media?parent=16723"}],"wp:term":[{"taxonomy":"product_cat","embeddable":true,"href":"https:\/\/www.sinpeks.com\/rs\/wp-json\/wp\/v2\/product_cat?post=16723"},{"taxonomy":"product_tag","embeddable":true,"href":"https:\/\/www.sinpeks.com\/rs\/wp-json\/wp\/v2\/product_tag?post=16723"}],"curies":[{"name":"wp","href":"https:\/\/api.w.org\/{rel}","templated":true}]}}