{"id":16721,"date":"2025-03-18T14:49:20","date_gmt":"2025-03-18T14:49:20","guid":{"rendered":"https:\/\/www.sinpeks.com\/rs\/p\/paletar-rucni-sa-kratkim-viljuskama-25-t\/"},"modified":"2026-02-28T07:35:19","modified_gmt":"2026-02-28T07:35:19","slug":"paletar-rucni-sa-kratkim-viljuskama-25-t","status":"publish","type":"product","link":"https:\/\/www.sinpeks.com\/rs\/p\/paletar-rucni-sa-kratkim-viljuskama-25-t\/","title":{"rendered":"Ru\u010dni paletar  sa kratkim vilju\u0161kama 2,5 t"},"content":{"rendered":"<p>Ru\u010dni paletar sa specijalnim kratkim vilju\u0161kama od najkvalitetnijih materijala, namenjen za manipulaciju paletizovanom robom u prodavnicama, skladi\u0161tima i drugim prostorijama gde je prostor za manipulaciju strogo ograni\u010den.<\/p>\n<p>Materijal pumpe: Liveni cink<br \/>\nTip to\u010dkova: Tandem<br \/>\nMaterijal upravlja\u010dkog to\u010dka: Guma<br \/>\nMaterijal utovarnog to\u010dka: PU (silikon)<br \/>\nMin. visina: 75\/85 mm<br \/>\nSpolja\u0161nje dimenzije vilju\u0161ki: 520\/540\/685 mm<br \/>\nDu\u017eina vilju\u0161ke: 800 mm<br \/>\nDu\u017eina palete: 1200 mm<br \/>\nRadijus okretanja: 1250 mm<\/p>\n<p>*Fotografija je reprezentativne prirode.<\/p>\n","protected":false},"excerpt":{"rendered":"<p>Ru\u010dni paletar sa specijalnim kratkim vilju\u0161kama od najkvalitetnijih materijala, namenjen za manipulaciju paletizovanom robom u prodavnicama, skladi\u0161tima i drugim prostorijama gde je prostor za manipulaciju strogo ograni\u010den. Materijal pumpe: Liveni cink Tip to\u010dkova: Tandem Materijal upravlja\u010dkog to\u010dka: Guma Materijal utovarnog to\u010dka: PU (silikon) Min. visina: 75\/85 mm Spolja\u0161nje dimenzije vilju\u0161ki: 520\/540\/685 mm Du\u017eina vilju\u0161ke: 800 [&hellip;]<\/p>\n","protected":false},"featured_media":16776,"comment_status":"open","ping_status":"closed","template":"","meta":{"_acf_changed":false},"product_cat":[165],"product_tag":[],"class_list":{"0":"post-16721","1":"product","2":"type-product","3":"status-publish","4":"has-post-thumbnail","6":"product_cat-rucni-paletari","7":"product_shipping_class-ostale-kategorije-makedonija","8":"pa_b-agrina","9":"pa_market-ba","10":"pa_market-mk","11":"pa_market-rs","12":"pa_nosivost-2500-kg","13":"pa_visina-dizanja-02-m","15":"first","16":"instock","17":"sale","18":"taxable","19":"shipping-taxable","20":"purchasable","21":"product-type-simple"},"acf":[],"seolaxy_ctr_woo_product_custom_meta_description_content":"","_links":{"self":[{"href":"https:\/\/www.sinpeks.com\/rs\/wp-json\/wp\/v2\/product\/16721","targetHints":{"allow":["GET"]}}],"collection":[{"href":"https:\/\/www.sinpeks.com\/rs\/wp-json\/wp\/v2\/product"}],"about":[{"href":"https:\/\/www.sinpeks.com\/rs\/wp-json\/wp\/v2\/types\/product"}],"replies":[{"embeddable":true,"href":"https:\/\/www.sinpeks.com\/rs\/wp-json\/wp\/v2\/comments?post=16721"}],"wp:featuredmedia":[{"embeddable":true,"href":"https:\/\/www.sinpeks.com\/rs\/wp-json\/wp\/v2\/media\/16776"}],"wp:attachment":[{"href":"https:\/\/www.sinpeks.com\/rs\/wp-json\/wp\/v2\/media?parent=16721"}],"wp:term":[{"taxonomy":"product_cat","embeddable":true,"href":"https:\/\/www.sinpeks.com\/rs\/wp-json\/wp\/v2\/product_cat?post=16721"},{"taxonomy":"product_tag","embeddable":true,"href":"https:\/\/www.sinpeks.com\/rs\/wp-json\/wp\/v2\/product_tag?post=16721"}],"curies":[{"name":"wp","href":"https:\/\/api.w.org\/{rel}","templated":true}]}}