{"id":16478,"date":"2025-03-12T23:01:03","date_gmt":"2025-03-12T23:01:03","guid":{"rendered":"https:\/\/www.sinpeks.com\/rs\/p\/prikolica-fermak-10-t-tandem-monocoque-sa-hidraulicnim-kocnicama\/"},"modified":"2026-01-13T12:03:45","modified_gmt":"2026-01-13T12:03:45","slug":"prikolica-fermak-10-t-tandem-monocoque-sa-hidraulicnim-kocnicama","status":"publish","type":"product","link":"https:\/\/www.sinpeks.com\/rs\/p\/prikolica-fermak-10-t-tandem-monocoque-sa-hidraulicnim-kocnicama\/","title":{"rendered":"Prikolica FERMAK 10 t Tandem-Monocoque sa hidrauli\u010dnim ko\u010dnicama"},"content":{"rendered":"<p>Transportna prikolica Fermak sa nosivo\u0161\u0107u do 10 tona, sa dve osovine, dodatnim stranicama i kipanjem na jednu stranu.<\/p>\n","protected":false},"excerpt":{"rendered":"<p>Transportna prikolica Fermak sa nosivo\u0161\u0107u do 10 tona, sa dve osovine, dodatnim stranicama i kipanjem na jednu stranu.<\/p>\n","protected":false},"featured_media":16523,"comment_status":"open","ping_status":"closed","template":"","meta":{"_acf_changed":false},"product_cat":[36],"product_tag":[],"class_list":{"0":"post-16478","1":"product","2":"type-product","3":"status-publish","4":"has-post-thumbnail","6":"product_cat-prikolice-za-traktor","7":"product_shipping_class-ostale-kategorije-makedonija","8":"pa_b-fermak","9":"pa_kipanje-sa-kipanjem-na-jednu-stranu","10":"pa_market-ba","11":"pa_market-mk","12":"pa_market-rs","13":"pa_nosivost-prikolice-10-t","14":"pa_tip-kocnice-hidraulicne","16":"first","17":"outofstock","18":"sale","19":"taxable","20":"shipping-taxable","21":"purchasable","22":"product-type-simple"},"acf":[],"seolaxy_ctr_woo_product_custom_meta_description_content":"","_links":{"self":[{"href":"https:\/\/www.sinpeks.com\/rs\/wp-json\/wp\/v2\/product\/16478","targetHints":{"allow":["GET"]}}],"collection":[{"href":"https:\/\/www.sinpeks.com\/rs\/wp-json\/wp\/v2\/product"}],"about":[{"href":"https:\/\/www.sinpeks.com\/rs\/wp-json\/wp\/v2\/types\/product"}],"replies":[{"embeddable":true,"href":"https:\/\/www.sinpeks.com\/rs\/wp-json\/wp\/v2\/comments?post=16478"}],"wp:featuredmedia":[{"embeddable":true,"href":"https:\/\/www.sinpeks.com\/rs\/wp-json\/wp\/v2\/media\/16523"}],"wp:attachment":[{"href":"https:\/\/www.sinpeks.com\/rs\/wp-json\/wp\/v2\/media?parent=16478"}],"wp:term":[{"taxonomy":"product_cat","embeddable":true,"href":"https:\/\/www.sinpeks.com\/rs\/wp-json\/wp\/v2\/product_cat?post=16478"},{"taxonomy":"product_tag","embeddable":true,"href":"https:\/\/www.sinpeks.com\/rs\/wp-json\/wp\/v2\/product_tag?post=16478"}],"curies":[{"name":"wp","href":"https:\/\/api.w.org\/{rel}","templated":true}]}}