{"id":16476,"date":"2025-03-12T23:01:02","date_gmt":"2025-03-12T23:01:02","guid":{"rendered":"https:\/\/www.sinpeks.com\/rs\/p\/freza-20-m-agrina-silver\/"},"modified":"2026-04-23T09:38:41","modified_gmt":"2026-04-23T09:38:41","slug":"freza-20-m-agrina-silver","status":"publish","type":"product","link":"https:\/\/www.sinpeks.com\/rs\/p\/freza-20-m-agrina-silver\/","title":{"rendered":"Freza 2.0 m Agrina\/Silver"},"content":{"rendered":"<p>Traktorska freza Agrina za pripremu zemlji\u0161ta za setvu i sadnju. Karakteri\u0161u je radna \u0161irina od 2000mm i radna dubina od 120-200mm. Potrebna snaga traktora za upotrebu ove freze iznosi\u00a0 45-55ks.<\/p>\n","protected":false},"excerpt":{"rendered":"<p>Traktorska freza Agrina za pripremu zemlji\u0161ta za setvu i sadnju. Karakteri\u0161u je radna \u0161irina od 2000mm i radna dubina od 120-200mm. Potrebna snaga traktora za upotrebu ove freze iznosi\u00a0 45-55ks.<\/p>\n","protected":false},"featured_media":19261,"comment_status":"open","ping_status":"closed","template":"","meta":{"_acf_changed":false},"product_cat":[78],"product_tag":[],"class_list":{"0":"post-16476","1":"product","2":"type-product","3":"status-publish","4":"has-post-thumbnail","6":"product_cat-freze","7":"product_shipping_class-ostale-kategorije-makedonija","8":"pa_b-agrina","9":"pa_market-ba","10":"pa_market-mk","11":"pa_market-rs","12":"pa_min-snaga-traktora-45-ks","13":"pa_radna-dubina-13-20-cm","14":"pa_radna-sirina-200-cm","16":"first","17":"outofstock","18":"sale","19":"taxable","20":"shipping-taxable","21":"purchasable","22":"product-type-simple"},"acf":[],"seolaxy_ctr_woo_product_custom_meta_description_content":"","_links":{"self":[{"href":"https:\/\/www.sinpeks.com\/rs\/wp-json\/wp\/v2\/product\/16476","targetHints":{"allow":["GET"]}}],"collection":[{"href":"https:\/\/www.sinpeks.com\/rs\/wp-json\/wp\/v2\/product"}],"about":[{"href":"https:\/\/www.sinpeks.com\/rs\/wp-json\/wp\/v2\/types\/product"}],"replies":[{"embeddable":true,"href":"https:\/\/www.sinpeks.com\/rs\/wp-json\/wp\/v2\/comments?post=16476"}],"wp:featuredmedia":[{"embeddable":true,"href":"https:\/\/www.sinpeks.com\/rs\/wp-json\/wp\/v2\/media\/19261"}],"wp:attachment":[{"href":"https:\/\/www.sinpeks.com\/rs\/wp-json\/wp\/v2\/media?parent=16476"}],"wp:term":[{"taxonomy":"product_cat","embeddable":true,"href":"https:\/\/www.sinpeks.com\/rs\/wp-json\/wp\/v2\/product_cat?post=16476"},{"taxonomy":"product_tag","embeddable":true,"href":"https:\/\/www.sinpeks.com\/rs\/wp-json\/wp\/v2\/product_tag?post=16476"}],"curies":[{"name":"wp","href":"https:\/\/api.w.org\/{rel}","templated":true}]}}