{"id":16475,"date":"2025-03-12T23:01:02","date_gmt":"2025-03-12T23:01:02","guid":{"rendered":"https:\/\/www.sinpeks.com\/rs\/p\/traktorska-freza-135-m-tl135\/"},"modified":"2026-04-23T09:34:39","modified_gmt":"2026-04-23T09:34:39","slug":"traktorska-freza-135-m-tl135","status":"publish","type":"product","link":"https:\/\/www.sinpeks.com\/rs\/p\/traktorska-freza-135-m-tl135\/","title":{"rendered":"Traktorska freza Agrina 1.35 m"},"content":{"rendered":"<p>Freza sa povezivanjem u 3 ta\u010dke je laka traktorska priklju\u010dna ma\u0161ina. Menja\u010d je od grafitnog livenog gvo\u017e\u0111a, ima lan\u010dani prenos i pogodna je za traktore od 25 KS.<\/p>\n","protected":false},"excerpt":{"rendered":"<p>Freza sa povezivanjem u 3 ta\u010dke je laka traktorska priklju\u010dna ma\u0161ina. Menja\u010d je od grafitnog livenog gvo\u017e\u0111a, ima lan\u010dani prenos i pogodna je za traktore od 25 KS.<\/p>\n","protected":false},"featured_media":16515,"comment_status":"open","ping_status":"closed","template":"","meta":{"_acf_changed":false},"product_cat":[78],"product_tag":[],"class_list":{"0":"post-16475","1":"product","2":"type-product","3":"status-publish","4":"has-post-thumbnail","6":"product_cat-freze","7":"product_shipping_class-ostale-kategorije-makedonija","8":"pa_b-agrina","9":"pa_market-ba","10":"pa_market-mk","11":"pa_market-rs","12":"pa_min-snaga-traktora-25-ks","13":"pa_radna-dubina-10-7-cm","14":"pa_radna-sirina-135-cm","16":"first","17":"instock","18":"sale","19":"taxable","20":"shipping-taxable","21":"purchasable","22":"product-type-simple"},"acf":[],"seolaxy_ctr_woo_product_custom_meta_description_content":"","_links":{"self":[{"href":"https:\/\/www.sinpeks.com\/rs\/wp-json\/wp\/v2\/product\/16475","targetHints":{"allow":["GET"]}}],"collection":[{"href":"https:\/\/www.sinpeks.com\/rs\/wp-json\/wp\/v2\/product"}],"about":[{"href":"https:\/\/www.sinpeks.com\/rs\/wp-json\/wp\/v2\/types\/product"}],"replies":[{"embeddable":true,"href":"https:\/\/www.sinpeks.com\/rs\/wp-json\/wp\/v2\/comments?post=16475"}],"wp:featuredmedia":[{"embeddable":true,"href":"https:\/\/www.sinpeks.com\/rs\/wp-json\/wp\/v2\/media\/16515"}],"wp:attachment":[{"href":"https:\/\/www.sinpeks.com\/rs\/wp-json\/wp\/v2\/media?parent=16475"}],"wp:term":[{"taxonomy":"product_cat","embeddable":true,"href":"https:\/\/www.sinpeks.com\/rs\/wp-json\/wp\/v2\/product_cat?post=16475"},{"taxonomy":"product_tag","embeddable":true,"href":"https:\/\/www.sinpeks.com\/rs\/wp-json\/wp\/v2\/product_tag?post=16475"}],"curies":[{"name":"wp","href":"https:\/\/api.w.org\/{rel}","templated":true}]}}