{"id":16473,"date":"2025-03-12T23:01:01","date_gmt":"2025-03-12T23:01:01","guid":{"rendered":"https:\/\/www.sinpeks.com\/rs\/p\/teska-traktorska-freza-agrina-22m-sa-kardanom\/"},"modified":"2026-04-23T09:30:50","modified_gmt":"2026-04-23T09:30:50","slug":"teska-traktorska-freza-agrina-22m-sa-kardanom","status":"publish","type":"product","link":"https:\/\/www.sinpeks.com\/rs\/p\/teska-traktorska-freza-agrina-22m-sa-kardanom\/","title":{"rendered":"Te\u0161ka traktorska freza Agrina 2.2m sa kardanom"},"content":{"rendered":"<p>Priklju\u010dna ma\u0161ina za traktor koja se koristi za pripremu zemlji\u0161ta pre setve i sadnje. Opremljena kardanom, sa radnom \u0161irinom od 2139mm i radnom dubinom od 190mm, zahteva radnu snagu traktora od 50-65ks.<\/p>\n","protected":false},"excerpt":{"rendered":"<p>Priklju\u010dna ma\u0161ina za traktor koja se koristi za pripremu zemlji\u0161ta pre setve i sadnje. Opremljena kardanom, sa radnom \u0161irinom od 2139mm i radnom dubinom od 190mm, zahteva radnu snagu traktora od 50-65ks.<\/p>\n","protected":false},"featured_media":16512,"comment_status":"open","ping_status":"closed","template":"","meta":{"_acf_changed":false},"product_cat":[78],"product_tag":[],"class_list":{"0":"post-16473","1":"product","2":"type-product","3":"status-publish","4":"has-post-thumbnail","6":"product_cat-freze","7":"product_shipping_class-ostale-kategorije-srbija","8":"pa_b-agrina","9":"pa_market-ba","10":"pa_market-mk","11":"pa_market-rs","12":"pa_min-snaga-traktora-50-ks","13":"pa_radna-dubina-19-cm","14":"pa_radna-sirina-214-cm","16":"first","17":"instock","18":"sale","19":"taxable","20":"shipping-taxable","21":"purchasable","22":"product-type-simple"},"acf":[],"seolaxy_ctr_woo_product_custom_meta_description_content":"","_links":{"self":[{"href":"https:\/\/www.sinpeks.com\/rs\/wp-json\/wp\/v2\/product\/16473","targetHints":{"allow":["GET"]}}],"collection":[{"href":"https:\/\/www.sinpeks.com\/rs\/wp-json\/wp\/v2\/product"}],"about":[{"href":"https:\/\/www.sinpeks.com\/rs\/wp-json\/wp\/v2\/types\/product"}],"replies":[{"embeddable":true,"href":"https:\/\/www.sinpeks.com\/rs\/wp-json\/wp\/v2\/comments?post=16473"}],"wp:featuredmedia":[{"embeddable":true,"href":"https:\/\/www.sinpeks.com\/rs\/wp-json\/wp\/v2\/media\/16512"}],"wp:attachment":[{"href":"https:\/\/www.sinpeks.com\/rs\/wp-json\/wp\/v2\/media?parent=16473"}],"wp:term":[{"taxonomy":"product_cat","embeddable":true,"href":"https:\/\/www.sinpeks.com\/rs\/wp-json\/wp\/v2\/product_cat?post=16473"},{"taxonomy":"product_tag","embeddable":true,"href":"https:\/\/www.sinpeks.com\/rs\/wp-json\/wp\/v2\/product_tag?post=16473"}],"curies":[{"name":"wp","href":"https:\/\/api.w.org\/{rel}","templated":true}]}}