{"id":16472,"date":"2025-03-12T23:01:01","date_gmt":"2025-03-12T23:01:01","guid":{"rendered":"https:\/\/www.sinpeks.com\/rs\/p\/tanjiraca-24-diska-agrina-23-m\/"},"modified":"2026-01-13T12:09:52","modified_gmt":"2026-01-13T12:09:52","slug":"tanjiraca-24-diska-agrina-23-m","status":"publish","type":"product","link":"https:\/\/www.sinpeks.com\/rs\/p\/tanjiraca-24-diska-agrina-23-m\/","title":{"rendered":"Tanjira\u010da 24 diska Agrina 2,3 m"},"content":{"rendered":"<p>Tanjira\u010da Agrina koja slu\u017ei za razbijanje i ravnanje zemlji\u0161ta i njegovu pripremu pre setve i sadnje sa radnom \u0161irinom od 2,3 metara i 24 diska sa dijametrom od 46cm.<\/p>\n","protected":false},"excerpt":{"rendered":"<p>Tanjira\u010da Agrina koja slu\u017ei za razbijanje i ravnanje zemlji\u0161ta i njegovu pripremu pre setve i sadnje sa radnom \u0161irinom od 2,3 metara i 24 diska sa dijametrom od 46cm.<\/p>\n","protected":false},"featured_media":18263,"comment_status":"open","ping_status":"closed","template":"","meta":{"_acf_changed":false},"product_cat":[81],"product_tag":[],"class_list":{"0":"post-16472","1":"product","2":"type-product","3":"status-publish","4":"has-post-thumbnail","6":"product_cat-tanjirace","7":"product_shipping_class-ostale-kategorije-makedonija","8":"pa_b-agrina","9":"pa_broj-diskova-sa-24-diska","10":"pa_market-ba","11":"pa_market-mk","12":"pa_market-rs","13":"pa_min-snaga-traktora-50-ks","14":"pa_precnik-diska-460-mm","15":"pa_radna-sirina-230-cm","16":"pa_tip-masine-nosene","18":"first","19":"outofstock","20":"sale","21":"taxable","22":"shipping-taxable","23":"purchasable","24":"product-type-simple"},"acf":[],"seolaxy_ctr_woo_product_custom_meta_description_content":"","_links":{"self":[{"href":"https:\/\/www.sinpeks.com\/rs\/wp-json\/wp\/v2\/product\/16472","targetHints":{"allow":["GET"]}}],"collection":[{"href":"https:\/\/www.sinpeks.com\/rs\/wp-json\/wp\/v2\/product"}],"about":[{"href":"https:\/\/www.sinpeks.com\/rs\/wp-json\/wp\/v2\/types\/product"}],"replies":[{"embeddable":true,"href":"https:\/\/www.sinpeks.com\/rs\/wp-json\/wp\/v2\/comments?post=16472"}],"wp:featuredmedia":[{"embeddable":true,"href":"https:\/\/www.sinpeks.com\/rs\/wp-json\/wp\/v2\/media\/18263"}],"wp:attachment":[{"href":"https:\/\/www.sinpeks.com\/rs\/wp-json\/wp\/v2\/media?parent=16472"}],"wp:term":[{"taxonomy":"product_cat","embeddable":true,"href":"https:\/\/www.sinpeks.com\/rs\/wp-json\/wp\/v2\/product_cat?post=16472"},{"taxonomy":"product_tag","embeddable":true,"href":"https:\/\/www.sinpeks.com\/rs\/wp-json\/wp\/v2\/product_tag?post=16472"}],"curies":[{"name":"wp","href":"https:\/\/api.w.org\/{rel}","templated":true}]}}