{"id":16471,"date":"2025-03-12T23:01:01","date_gmt":"2025-03-12T23:01:01","guid":{"rendered":"https:\/\/www.sinpeks.com\/rs\/p\/tanjiraca-28-diska-agrobar\/"},"modified":"2026-01-13T11:29:12","modified_gmt":"2026-01-13T11:29:12","slug":"tanjiraca-28-diska-agrobar","status":"publish","type":"product","link":"https:\/\/www.sinpeks.com\/rs\/p\/tanjiraca-28-diska-agrobar\/","title":{"rendered":"Tanjira\u010da 28 diska Agrobar"},"content":{"rendered":"<p>Agrobar tanjira\u010da sa 28 diska koristi se u poljskom radu za povr\u0161insku obradu zemlje, za razbijanje grudva, pripremu zemlji\u0161ta pre setve i sadnje, zakopavanje organskih materija i ostataka, za provetravanje tla i uklanjanje korova, za lomljenje jakih korena. Opremljen visokokvalitetnim plo\u010dama od borovog \u010delika. Lako se prenosi i montira.<\/p>\n","protected":false},"excerpt":{"rendered":"<p>Agrobar tanjira\u010da sa 28 diska koristi se u poljskom radu za povr\u0161insku obradu zemlje, za razbijanje grudva, pripremu zemlji\u0161ta pre setve i sadnje, zakopavanje organskih materija i ostataka, za provetravanje tla i uklanjanje korova, za lomljenje jakih korena. Opremljen visokokvalitetnim plo\u010dama od borovog \u010delika. Lako se prenosi i montira.<\/p>\n","protected":false},"featured_media":16510,"comment_status":"open","ping_status":"closed","template":"","meta":{"_acf_changed":false},"product_cat":[81],"product_tag":[],"class_list":{"0":"post-16471","1":"product","2":"type-product","3":"status-publish","4":"has-post-thumbnail","6":"product_cat-tanjirace","7":"product_shipping_class-ostale-kategorije-makedonija","8":"pa_b-agrobar","9":"pa_broj-diskova-sa-28-diskova","10":"pa_market-ba","11":"pa_market-mk","12":"pa_market-rs","13":"pa_min-snaga-traktora-65-ks","14":"pa_precnik-diska-460-mm","15":"pa_radna-sirina-260-cm","16":"pa_tip-masine-nosene","18":"first","19":"outofstock","20":"sale","21":"taxable","22":"shipping-taxable","23":"purchasable","24":"product-type-simple"},"acf":[],"seolaxy_ctr_woo_product_custom_meta_description_content":"","_links":{"self":[{"href":"https:\/\/www.sinpeks.com\/rs\/wp-json\/wp\/v2\/product\/16471","targetHints":{"allow":["GET"]}}],"collection":[{"href":"https:\/\/www.sinpeks.com\/rs\/wp-json\/wp\/v2\/product"}],"about":[{"href":"https:\/\/www.sinpeks.com\/rs\/wp-json\/wp\/v2\/types\/product"}],"replies":[{"embeddable":true,"href":"https:\/\/www.sinpeks.com\/rs\/wp-json\/wp\/v2\/comments?post=16471"}],"wp:featuredmedia":[{"embeddable":true,"href":"https:\/\/www.sinpeks.com\/rs\/wp-json\/wp\/v2\/media\/16510"}],"wp:attachment":[{"href":"https:\/\/www.sinpeks.com\/rs\/wp-json\/wp\/v2\/media?parent=16471"}],"wp:term":[{"taxonomy":"product_cat","embeddable":true,"href":"https:\/\/www.sinpeks.com\/rs\/wp-json\/wp\/v2\/product_cat?post=16471"},{"taxonomy":"product_tag","embeddable":true,"href":"https:\/\/www.sinpeks.com\/rs\/wp-json\/wp\/v2\/product_tag?post=16471"}],"curies":[{"name":"wp","href":"https:\/\/api.w.org\/{rel}","templated":true}]}}