{"id":16470,"date":"2025-03-12T23:01:00","date_gmt":"2025-03-12T23:01:00","guid":{"rendered":"https:\/\/www.sinpeks.com\/rs\/p\/tanjiraca-sa-4-diska-310mm-za-medjurednu-frezu\/"},"modified":"2026-04-23T09:30:50","modified_gmt":"2026-04-23T09:30:50","slug":"tanjiraca-sa-4-diska-310mm-za-medjurednu-frezu","status":"publish","type":"product","link":"https:\/\/www.sinpeks.com\/rs\/p\/tanjiraca-sa-4-diska-310mm-za-medjurednu-frezu\/","title":{"rendered":"Tanjira\u010da sa 4 diska 310mm za me\u0111urednu frezu"},"content":{"rendered":"<p>Orizzonti tanjira\u010da sa 4 diska koja se mo\u017ee koristiti kao dodatak za ORION I MIRA me\u0111uredne freze.<\/p>\n","protected":false},"excerpt":{"rendered":"<p>Orizzonti tanjira\u010da sa 4 diska koja se mo\u017ee koristiti kao dodatak za ORION I MIRA me\u0111uredne freze.<\/p>\n","protected":false},"featured_media":16508,"comment_status":"open","ping_status":"closed","template":"","meta":{"_acf_changed":false},"product_cat":[81],"product_tag":[],"class_list":{"0":"post-16470","1":"product","2":"type-product","3":"status-publish","4":"has-post-thumbnail","6":"product_cat-tanjirace","7":"product_shipping_class-ostale-kategorije-makedonija","8":"pa_b-orizzonti","9":"pa_broj-diskova-sa-4-diska","10":"pa_market-ba","11":"pa_market-mk","12":"pa_market-rs","13":"pa_precnik-diska-310-mm","14":"pa_radna-sirina-32-72-cm","15":"pa_tip-masine-dodatni-sklop","17":"first","18":"instock","19":"sale","20":"taxable","21":"shipping-taxable","22":"purchasable","23":"product-type-simple"},"acf":[],"seolaxy_ctr_woo_product_custom_meta_description_content":"","_links":{"self":[{"href":"https:\/\/www.sinpeks.com\/rs\/wp-json\/wp\/v2\/product\/16470","targetHints":{"allow":["GET"]}}],"collection":[{"href":"https:\/\/www.sinpeks.com\/rs\/wp-json\/wp\/v2\/product"}],"about":[{"href":"https:\/\/www.sinpeks.com\/rs\/wp-json\/wp\/v2\/types\/product"}],"replies":[{"embeddable":true,"href":"https:\/\/www.sinpeks.com\/rs\/wp-json\/wp\/v2\/comments?post=16470"}],"wp:featuredmedia":[{"embeddable":true,"href":"https:\/\/www.sinpeks.com\/rs\/wp-json\/wp\/v2\/media\/16508"}],"wp:attachment":[{"href":"https:\/\/www.sinpeks.com\/rs\/wp-json\/wp\/v2\/media?parent=16470"}],"wp:term":[{"taxonomy":"product_cat","embeddable":true,"href":"https:\/\/www.sinpeks.com\/rs\/wp-json\/wp\/v2\/product_cat?post=16470"},{"taxonomy":"product_tag","embeddable":true,"href":"https:\/\/www.sinpeks.com\/rs\/wp-json\/wp\/v2\/product_tag?post=16470"}],"curies":[{"name":"wp","href":"https:\/\/api.w.org\/{rel}","templated":true}]}}