{"id":16468,"date":"2025-03-12T23:01:00","date_gmt":"2025-03-12T23:01:00","guid":{"rendered":"https:\/\/www.sinpeks.com\/rs\/p\/plug-2-brazdni-14-inca-unlu-reverzibilan-mehanicki\/"},"modified":"2026-01-13T12:26:10","modified_gmt":"2026-01-13T12:26:10","slug":"plug-2-brazdni-14-inca-unlu-reverzibilan-mehanicki","status":"publish","type":"product","link":"https:\/\/www.sinpeks.com\/rs\/p\/plug-2-brazdni-14-inca-unlu-reverzibilan-mehanicki\/","title":{"rendered":"Plug 2 brazdni 14 in\u010da Unlu reverzibilan-mehani\u010dki"},"content":{"rendered":"<p>Reverzibilni plugovi za 2 brazde i mehani\u010dkim pode\u0161avanjem, srednje te\u017eine, omoguc\u0301avaju laku i prakti\u010dnu poljoprivrednu praksu. Okretanjem sa jedne na drugu stranu, operacija je brza i neprekidna.<\/p>\n","protected":false},"excerpt":{"rendered":"<p>Reverzibilni plugovi za 2 brazde i mehani\u010dkim pode\u0161avanjem, srednje te\u017eine, omoguc\u0301avaju laku i prakti\u010dnu poljoprivrednu praksu. Okretanjem sa jedne na drugu stranu, operacija je brza i neprekidna.<\/p>\n","protected":false},"featured_media":16506,"comment_status":"open","ping_status":"closed","template":"","meta":{"_acf_changed":false},"product_cat":[77],"product_tag":[],"class_list":{"0":"post-16468","1":"product","2":"type-product","3":"status-publish","4":"has-post-thumbnail","6":"product_cat-plugovi","7":"product_shipping_class-ostale-kategorije-makedonija","8":"pa_b-unlu","9":"pa_broj-brazdi-dvobrazdni","10":"pa_market-ba","11":"pa_market-mk","12":"pa_market-rs","13":"pa_min-snaga-traktora-45-75-ks","15":"first","16":"outofstock","17":"sale","18":"taxable","19":"shipping-taxable","20":"purchasable","21":"product-type-simple"},"acf":[],"seolaxy_ctr_woo_product_custom_meta_description_content":"","_links":{"self":[{"href":"https:\/\/www.sinpeks.com\/rs\/wp-json\/wp\/v2\/product\/16468","targetHints":{"allow":["GET"]}}],"collection":[{"href":"https:\/\/www.sinpeks.com\/rs\/wp-json\/wp\/v2\/product"}],"about":[{"href":"https:\/\/www.sinpeks.com\/rs\/wp-json\/wp\/v2\/types\/product"}],"replies":[{"embeddable":true,"href":"https:\/\/www.sinpeks.com\/rs\/wp-json\/wp\/v2\/comments?post=16468"}],"wp:featuredmedia":[{"embeddable":true,"href":"https:\/\/www.sinpeks.com\/rs\/wp-json\/wp\/v2\/media\/16506"}],"wp:attachment":[{"href":"https:\/\/www.sinpeks.com\/rs\/wp-json\/wp\/v2\/media?parent=16468"}],"wp:term":[{"taxonomy":"product_cat","embeddable":true,"href":"https:\/\/www.sinpeks.com\/rs\/wp-json\/wp\/v2\/product_cat?post=16468"},{"taxonomy":"product_tag","embeddable":true,"href":"https:\/\/www.sinpeks.com\/rs\/wp-json\/wp\/v2\/product_tag?post=16468"}],"curies":[{"name":"wp","href":"https:\/\/api.w.org\/{rel}","templated":true}]}}