{"id":16467,"date":"2025-03-12T23:00:59","date_gmt":"2025-03-12T23:00:59","guid":{"rendered":"https:\/\/www.sinpeks.com\/rs\/p\/tarup-20-m-menasor\/"},"modified":"2026-01-13T12:13:56","modified_gmt":"2026-01-13T12:13:56","slug":"tarup-20-m-menasor","status":"publish","type":"product","link":"https:\/\/www.sinpeks.com\/rs\/p\/tarup-20-m-menasor\/","title":{"rendered":"Tarup 2,0 m Agrina Menasor"},"content":{"rendered":"<p>Ovaj tarup je dizajniran za ko\u0161enje i mal\u010diranje visoke i divlje trave, malog \u017ebunja i granja. Ovaj mul\u010der je pogodan za traktore od 35 KS (konja). Tarup MENASOR je opremljen \u010dvrstim \u010dekic\u0301ima u obliku slova \u201eT\u201c, prodaje se u kompletu sa kardanskom osovinom, potpuno spreman za rad.<\/p>\n","protected":false},"excerpt":{"rendered":"<p>Ovaj tarup je dizajniran za ko\u0161enje i mal\u010diranje visoke i divlje trave, malog \u017ebunja i granja. Ovaj mul\u010der je pogodan za traktore od 35 KS (konja). Tarup MENASOR je opremljen \u010dvrstim \u010dekic\u0301ima u obliku slova \u201eT\u201c, prodaje se u kompletu sa kardanskom osovinom, potpuno spreman za rad.<\/p>\n","protected":false},"featured_media":16501,"comment_status":"open","ping_status":"closed","template":"","meta":{"_acf_changed":false},"product_cat":[82],"product_tag":[],"class_list":{"0":"post-16467","1":"product","2":"type-product","3":"status-publish","4":"has-post-thumbnail","6":"product_cat-tarupi","7":"product_shipping_class-ostale-kategorije-makedonija","8":"pa_b-agrina","9":"pa_broj-radnih-tela-3872","10":"pa_market-ba","11":"pa_market-mk","12":"pa_market-rs","13":"pa_min-snaga-traktora-35-85-ks","14":"pa_radna-sirina-195-cm","16":"first","17":"outofstock","18":"sale","19":"taxable","20":"shipping-taxable","21":"purchasable","22":"product-type-simple"},"acf":[],"seolaxy_ctr_woo_product_custom_meta_description_content":"","_links":{"self":[{"href":"https:\/\/www.sinpeks.com\/rs\/wp-json\/wp\/v2\/product\/16467","targetHints":{"allow":["GET"]}}],"collection":[{"href":"https:\/\/www.sinpeks.com\/rs\/wp-json\/wp\/v2\/product"}],"about":[{"href":"https:\/\/www.sinpeks.com\/rs\/wp-json\/wp\/v2\/types\/product"}],"replies":[{"embeddable":true,"href":"https:\/\/www.sinpeks.com\/rs\/wp-json\/wp\/v2\/comments?post=16467"}],"wp:featuredmedia":[{"embeddable":true,"href":"https:\/\/www.sinpeks.com\/rs\/wp-json\/wp\/v2\/media\/16501"}],"wp:attachment":[{"href":"https:\/\/www.sinpeks.com\/rs\/wp-json\/wp\/v2\/media?parent=16467"}],"wp:term":[{"taxonomy":"product_cat","embeddable":true,"href":"https:\/\/www.sinpeks.com\/rs\/wp-json\/wp\/v2\/product_cat?post=16467"},{"taxonomy":"product_tag","embeddable":true,"href":"https:\/\/www.sinpeks.com\/rs\/wp-json\/wp\/v2\/product_tag?post=16467"}],"curies":[{"name":"wp","href":"https:\/\/api.w.org\/{rel}","templated":true}]}}