{"id":16466,"date":"2025-03-12T23:00:59","date_gmt":"2025-03-12T23:00:59","guid":{"rendered":"https:\/\/www.sinpeks.com\/rs\/p\/tarup-16-m-menasor\/"},"modified":"2026-04-23T09:36:35","modified_gmt":"2026-04-23T09:36:35","slug":"tarup-16-m-menasor","status":"publish","type":"product","link":"https:\/\/www.sinpeks.com\/rs\/p\/tarup-16-m-menasor\/","title":{"rendered":"Tarup 1,6 m Agrina Menasor"},"content":{"rendered":"<p>Tarup MENASOR je opremljen \u010dvrstim \u010dekic\u0301ima u obliku slova \u201eT\u201c, svaki te\u017eak 0,78 kg. Tako\u0111e, ako je potrebno, mo\u017eete odabrati no\u017eeve u obliku slova \u201eY\u201c (kupuju se zasebno). Visina se\u010denja je podesiva u tri polo\u017eaja pomoc\u0301u potpornog valjka na zadnjem delu kosilice (2 cm &#8211; 4 cm &#8211; 6 cm). Tarup MENASOR 160 ima zadnji poklopac koji se mo\u017ee podic\u0301i, \u0161to olak\u0161ava \u010di\u0161c\u0301enje osovine no\u017ea i zamenu reznih \u010dekic\u0301a.<\/p>\n","protected":false},"excerpt":{"rendered":"<p>Tarup MENASOR je opremljen \u010dvrstim \u010dekic\u0301ima u obliku slova \u201eT\u201c, svaki te\u017eak 0,78 kg. Tako\u0111e, ako je potrebno, mo\u017eete odabrati no\u017eeve u obliku slova \u201eY\u201c (kupuju se zasebno). Visina se\u010denja je podesiva u tri polo\u017eaja pomoc\u0301u potpornog valjka na zadnjem delu kosilice (2 cm &#8211; 4 cm &#8211; 6 cm). Tarup MENASOR 160 ima zadnji [&hellip;]<\/p>\n","protected":false},"featured_media":16499,"comment_status":"open","ping_status":"closed","template":"","meta":{"_acf_changed":false},"product_cat":[82],"product_tag":[],"class_list":{"0":"post-16466","1":"product","2":"type-product","3":"status-publish","4":"has-post-thumbnail","6":"product_cat-tarupi","7":"product_shipping_class-ostale-kategorije-makedonija","8":"pa_b-agrina","9":"pa_broj-radnih-tela-3865","10":"pa_market-ba","11":"pa_market-mk","12":"pa_market-rs","13":"pa_min-snaga-traktora-35-85-ks","14":"pa_radna-sirina-155cm","16":"first","17":"instock","18":"sale","19":"taxable","20":"shipping-taxable","21":"purchasable","22":"product-type-simple"},"acf":[],"seolaxy_ctr_woo_product_custom_meta_description_content":"","_links":{"self":[{"href":"https:\/\/www.sinpeks.com\/rs\/wp-json\/wp\/v2\/product\/16466","targetHints":{"allow":["GET"]}}],"collection":[{"href":"https:\/\/www.sinpeks.com\/rs\/wp-json\/wp\/v2\/product"}],"about":[{"href":"https:\/\/www.sinpeks.com\/rs\/wp-json\/wp\/v2\/types\/product"}],"replies":[{"embeddable":true,"href":"https:\/\/www.sinpeks.com\/rs\/wp-json\/wp\/v2\/comments?post=16466"}],"wp:featuredmedia":[{"embeddable":true,"href":"https:\/\/www.sinpeks.com\/rs\/wp-json\/wp\/v2\/media\/16499"}],"wp:attachment":[{"href":"https:\/\/www.sinpeks.com\/rs\/wp-json\/wp\/v2\/media?parent=16466"}],"wp:term":[{"taxonomy":"product_cat","embeddable":true,"href":"https:\/\/www.sinpeks.com\/rs\/wp-json\/wp\/v2\/product_cat?post=16466"},{"taxonomy":"product_tag","embeddable":true,"href":"https:\/\/www.sinpeks.com\/rs\/wp-json\/wp\/v2\/product_tag?post=16466"}],"curies":[{"name":"wp","href":"https:\/\/api.w.org\/{rel}","templated":true}]}}