{"id":16463,"date":"2025-03-12T23:00:58","date_gmt":"2025-03-12T23:00:58","guid":{"rendered":"https:\/\/www.sinpeks.com\/rs\/p\/tarup-135-m\/"},"modified":"2026-05-13T08:15:17","modified_gmt":"2026-05-13T08:15:17","slug":"tarup-135-m","status":"publish","type":"product","link":"https:\/\/www.sinpeks.com\/rs\/p\/tarup-135-m\/","title":{"rendered":"Tarup 1,35 m Agrina"},"content":{"rendered":"<p>Tarup EF-135 je robusna, sna\u017ena kosa\u010dica (mul\u010der) dizajnirana da kosi i mal\u010di visoku i neurednu travu sa kojom obi\u010dna kosilica ne mo\u017ee da se spravi. Ovaj mul\u010der je pogodan za traktore od 20-55 KS (konja), pri\u010dvr\u0161c\u0301uje se na zadnji deo traktora pomoc\u0301u sistema za ka\u010denje u tri ta\u010dke. Tarup se isporu\u010duje sa robusnim \u010dekic\u0301ima &#8222;T&#8220; oblika, prodaje se u kompletu sa kardanskim vratilom, potpuno spreman za upotrebu.<\/p>\n","protected":false},"excerpt":{"rendered":"<p>Tarup EF-135 je robusna, sna\u017ena kosa\u010dica (mul\u010der) dizajnirana da kosi i mal\u010di visoku i neurednu travu sa kojom obi\u010dna kosilica ne mo\u017ee da se spravi. Ovaj mul\u010der je pogodan za traktore od 20-55 KS (konja), pri\u010dvr\u0161c\u0301uje se na zadnji deo traktora pomoc\u0301u sistema za ka\u010denje u tri ta\u010dke. Tarup se isporu\u010duje sa robusnim \u010dekic\u0301ima &#8222;T&#8220; [&hellip;]<\/p>\n","protected":false},"featured_media":16484,"comment_status":"open","ping_status":"closed","template":"","meta":{"_acf_changed":false},"product_cat":[82],"product_tag":[],"class_list":{"0":"post-16463","1":"product","2":"type-product","3":"status-publish","4":"has-post-thumbnail","6":"product_cat-tarupi","7":"product_shipping_class-ostale-kategorije-srbija","8":"pa_b-agrina","9":"pa_broj-radnih-tela-3868","10":"pa_market-ba","11":"pa_market-mk","12":"pa_market-rs","13":"pa_min-snaga-traktora-22-55-ks","14":"pa_radna-sirina-135-cm","16":"first","17":"instock","18":"sale","19":"taxable","20":"shipping-taxable","21":"purchasable","22":"product-type-simple"},"acf":[],"seolaxy_ctr_woo_product_custom_meta_description_content":"","_links":{"self":[{"href":"https:\/\/www.sinpeks.com\/rs\/wp-json\/wp\/v2\/product\/16463","targetHints":{"allow":["GET"]}}],"collection":[{"href":"https:\/\/www.sinpeks.com\/rs\/wp-json\/wp\/v2\/product"}],"about":[{"href":"https:\/\/www.sinpeks.com\/rs\/wp-json\/wp\/v2\/types\/product"}],"replies":[{"embeddable":true,"href":"https:\/\/www.sinpeks.com\/rs\/wp-json\/wp\/v2\/comments?post=16463"}],"wp:featuredmedia":[{"embeddable":true,"href":"https:\/\/www.sinpeks.com\/rs\/wp-json\/wp\/v2\/media\/16484"}],"wp:attachment":[{"href":"https:\/\/www.sinpeks.com\/rs\/wp-json\/wp\/v2\/media?parent=16463"}],"wp:term":[{"taxonomy":"product_cat","embeddable":true,"href":"https:\/\/www.sinpeks.com\/rs\/wp-json\/wp\/v2\/product_cat?post=16463"},{"taxonomy":"product_tag","embeddable":true,"href":"https:\/\/www.sinpeks.com\/rs\/wp-json\/wp\/v2\/product_tag?post=16463"}],"curies":[{"name":"wp","href":"https:\/\/api.w.org\/{rel}","templated":true}]}}