{"id":16462,"date":"2025-03-12T23:00:57","date_gmt":"2025-03-12T23:00:57","guid":{"rendered":"https:\/\/www.sinpeks.com\/rs\/p\/podrivac-tiler-9-reda-semaljevic\/"},"modified":"2026-03-04T11:37:39","modified_gmt":"2026-03-04T11:37:39","slug":"podrivac-tiler-9-reda-semaljevic","status":"publish","type":"product","link":"https:\/\/www.sinpeks.com\/rs\/p\/podrivac-tiler-9-reda-semaljevic\/","title":{"rendered":"Podriva\u010d-tiler 9 reda Semaljevi\u0107"},"content":{"rendered":"<p>Podriva\u010d srpskog proizvo\u0111a\u010da Semaljevi\u0107 sa 9 radnih tela.<\/p>\n","protected":false},"excerpt":{"rendered":"<p>Podriva\u010d srpskog proizvo\u0111a\u010da Semaljevi\u0107 sa 9 radnih tela.<\/p>\n","protected":false},"featured_media":17144,"comment_status":"open","ping_status":"closed","template":"","meta":{"_acf_changed":false},"product_cat":[80],"product_tag":[],"class_list":{"0":"post-16462","1":"product","2":"type-product","3":"status-publish","4":"has-post-thumbnail","6":"product_cat-podrivaci","7":"product_shipping_class-ostale-kategorije-makedonija","8":"pa_b-semaljevic","9":"pa_market-ba","10":"pa_market-mk","11":"pa_market-rs","13":"first","14":"outofstock","15":"sale","16":"taxable","17":"shipping-taxable","18":"purchasable","19":"product-type-simple"},"acf":[],"seolaxy_ctr_woo_product_custom_meta_description_content":"","_links":{"self":[{"href":"https:\/\/www.sinpeks.com\/rs\/wp-json\/wp\/v2\/product\/16462","targetHints":{"allow":["GET"]}}],"collection":[{"href":"https:\/\/www.sinpeks.com\/rs\/wp-json\/wp\/v2\/product"}],"about":[{"href":"https:\/\/www.sinpeks.com\/rs\/wp-json\/wp\/v2\/types\/product"}],"replies":[{"embeddable":true,"href":"https:\/\/www.sinpeks.com\/rs\/wp-json\/wp\/v2\/comments?post=16462"}],"wp:featuredmedia":[{"embeddable":true,"href":"https:\/\/www.sinpeks.com\/rs\/wp-json\/wp\/v2\/media\/17144"}],"wp:attachment":[{"href":"https:\/\/www.sinpeks.com\/rs\/wp-json\/wp\/v2\/media?parent=16462"}],"wp:term":[{"taxonomy":"product_cat","embeddable":true,"href":"https:\/\/www.sinpeks.com\/rs\/wp-json\/wp\/v2\/product_cat?post=16462"},{"taxonomy":"product_tag","embeddable":true,"href":"https:\/\/www.sinpeks.com\/rs\/wp-json\/wp\/v2\/product_tag?post=16462"}],"curies":[{"name":"wp","href":"https:\/\/api.w.org\/{rel}","templated":true}]}}