{"id":16460,"date":"2025-03-12T23:00:57","date_gmt":"2025-03-12T23:00:57","guid":{"rendered":"https:\/\/www.sinpeks.com\/rs\/p\/rotaciona-kosacica-g-dm135\/"},"modified":"2026-02-12T11:28:23","modified_gmt":"2026-02-12T11:28:23","slug":"rotaciona-kosacica-g-dm135","status":"publish","type":"product","link":"https:\/\/www.sinpeks.com\/rs\/p\/rotaciona-kosacica-g-dm135\/","title":{"rendered":"Rotaciona kosilica G.DM135"},"content":{"rendered":"<p>Rotaciona kosilica nudi robusno re\u0161enje za efikasno ko\u0161enje trave. Sa radnom \u0161irinom od 135 cm, kai\u0161nim prenosom, PTO pogonom, opremljena sa 8 no\u017eeva, ova ma\u0161ina je odre\u0111ena za optimalne performanse. Za to je potreban traktor sa minimalno 20 KS, koji obezbe\u0111uje efikasnost od 1 ha\/h.<\/p>\n","protected":false},"excerpt":{"rendered":"<p>Rotaciona kosilica nudi robusno re\u0161enje za efikasno ko\u0161enje trave. Sa radnom \u0161irinom od 135 cm, kai\u0161nim prenosom, PTO pogonom, opremljena sa 8 no\u017eeva, ova ma\u0161ina je odre\u0111ena za optimalne performanse. Za to je potreban traktor sa minimalno 20 KS, koji obezbe\u0111uje efikasnost od 1 ha\/h.<\/p>\n","protected":false},"featured_media":18257,"comment_status":"open","ping_status":"closed","template":"","meta":{"_acf_changed":false},"product_cat":[101],"product_tag":[],"class_list":{"0":"post-16460","1":"product","2":"type-product","3":"status-publish","4":"has-post-thumbnail","6":"product_cat-kosacice-za-traktor","7":"product_shipping_class-ostale-kategorije-srbija","8":"pa_b-agrina","9":"pa_broj-radnih-tela-2x4","10":"pa_market-ba","11":"pa_market-mk","12":"pa_market-rs","13":"pa_min-snaga-traktora-20-ks","14":"pa_radna-sirina-135cm","16":"first","17":"instock","18":"sale","19":"taxable","20":"shipping-taxable","21":"purchasable","22":"product-type-simple"},"acf":[],"seolaxy_ctr_woo_product_custom_meta_description_content":"","_links":{"self":[{"href":"https:\/\/www.sinpeks.com\/rs\/wp-json\/wp\/v2\/product\/16460","targetHints":{"allow":["GET"]}}],"collection":[{"href":"https:\/\/www.sinpeks.com\/rs\/wp-json\/wp\/v2\/product"}],"about":[{"href":"https:\/\/www.sinpeks.com\/rs\/wp-json\/wp\/v2\/types\/product"}],"replies":[{"embeddable":true,"href":"https:\/\/www.sinpeks.com\/rs\/wp-json\/wp\/v2\/comments?post=16460"}],"wp:featuredmedia":[{"embeddable":true,"href":"https:\/\/www.sinpeks.com\/rs\/wp-json\/wp\/v2\/media\/18257"}],"wp:attachment":[{"href":"https:\/\/www.sinpeks.com\/rs\/wp-json\/wp\/v2\/media?parent=16460"}],"wp:term":[{"taxonomy":"product_cat","embeddable":true,"href":"https:\/\/www.sinpeks.com\/rs\/wp-json\/wp\/v2\/product_cat?post=16460"},{"taxonomy":"product_tag","embeddable":true,"href":"https:\/\/www.sinpeks.com\/rs\/wp-json\/wp\/v2\/product_tag?post=16460"}],"curies":[{"name":"wp","href":"https:\/\/api.w.org\/{rel}","templated":true}]}}