{"id":16163,"date":"2025-03-10T06:44:39","date_gmt":"2025-03-10T06:44:39","guid":{"rendered":"https:\/\/www.sinpeks.com\/rs\/p\/robotska-kosilica-husqvarna-am315-mark-ii-profi\/"},"modified":"2026-04-21T07:24:20","modified_gmt":"2026-04-21T07:24:20","slug":"robotska-kosilica-husqvarna-am315-mark-ii-profi","status":"publish","type":"product","link":"https:\/\/www.sinpeks.com\/rs\/p\/robotska-kosilica-husqvarna-am315-mark-ii-profi\/","title":{"rendered":"Robotska kosilica Husqvarna AM315 MARK II &#8211; Profi"},"content":{"rendered":"<p>Husqvarna Automower\u00ae 315 Mark II je robotska kosilica koja je jednostavna za upotrebu i pogodna za travnjake do 1500 m\u00b2. Zahvaljujuc\u0301i kompaktnom dizajnu sa 4 to\u010dka, mo\u017eete mu verovati da c\u0301e pru\u017eiti savr\u0161ene rezultate ko\u0161enja \u010dak i na terenu sa nagibom od 40% i u uskim prolazima. Kosilica se lako \u010disti i ima za\u0161titu od smrzavanja i vremenski tajmer, koji prilago\u0111ava vreme ko\u0161enja da odgovara sezoni i prekida raspored ko\u0161enja u slu\u010daju mraza. Pored toga, kosilica se prebacuje na sistematski re\u017eim ko\u0161enja u uskim prolazima kako bi se smanjio broj okreta i minimizirali tragovi to\u010dkova. Sa aplikacijom Automower\u00ae Connect, mo\u017eete lako da nadgledate i kontroli\u0161ete svoju kosilicu pomoc\u0301u pametnog telefona, izme\u0111u ostalog, pomoc\u0301u ove aplikacije mo\u017eete da upravljate i nadgledate svoju Husqvarna robotsku kosilicu, menjate pode\u0161avanja i dobijate lak pristup informacijama i savetima koji \u010dine odr\u017eavanje travnjaka bezbri\u017enim. Dostupne su mobilne, Wi-Fi i Bluetooth veze, u zavisnosti od modela. *Napomena: Instalacioni komplet nije uklju\u010den.<\/p>\n","protected":false},"excerpt":{"rendered":"<p>Husqvarna Automower\u00ae 315 Mark II je robotska kosilica koja je jednostavna za upotrebu i pogodna za travnjake do 1500 m\u00b2. Zahvaljujuc\u0301i kompaktnom dizajnu sa 4 to\u010dka, mo\u017eete mu verovati da c\u0301e pru\u017eiti savr\u0161ene rezultate ko\u0161enja \u010dak i na terenu sa nagibom od 40% i u uskim prolazima. Kosilica se lako \u010disti i ima za\u0161titu od [&hellip;]<\/p>\n","protected":false},"featured_media":16218,"comment_status":"open","ping_status":"closed","template":"","meta":{"_acf_changed":false},"product_cat":[172],"product_tag":[],"class_list":{"0":"post-16163","1":"product","2":"type-product","3":"status-publish","4":"has-post-thumbnail","6":"product_cat-robotske","7":"pa_b-husqvarna","8":"pa_market-mk","9":"pa_povrsina-kosenja-1500-m2","11":"first","12":"instock","13":"sale","14":"taxable","15":"shipping-taxable","16":"purchasable","17":"product-type-simple"},"acf":[],"seolaxy_ctr_woo_product_custom_meta_description_content":"","_links":{"self":[{"href":"https:\/\/www.sinpeks.com\/rs\/wp-json\/wp\/v2\/product\/16163","targetHints":{"allow":["GET"]}}],"collection":[{"href":"https:\/\/www.sinpeks.com\/rs\/wp-json\/wp\/v2\/product"}],"about":[{"href":"https:\/\/www.sinpeks.com\/rs\/wp-json\/wp\/v2\/types\/product"}],"replies":[{"embeddable":true,"href":"https:\/\/www.sinpeks.com\/rs\/wp-json\/wp\/v2\/comments?post=16163"}],"wp:featuredmedia":[{"embeddable":true,"href":"https:\/\/www.sinpeks.com\/rs\/wp-json\/wp\/v2\/media\/16218"}],"wp:attachment":[{"href":"https:\/\/www.sinpeks.com\/rs\/wp-json\/wp\/v2\/media?parent=16163"}],"wp:term":[{"taxonomy":"product_cat","embeddable":true,"href":"https:\/\/www.sinpeks.com\/rs\/wp-json\/wp\/v2\/product_cat?post=16163"},{"taxonomy":"product_tag","embeddable":true,"href":"https:\/\/www.sinpeks.com\/rs\/wp-json\/wp\/v2\/product_tag?post=16163"}],"curies":[{"name":"wp","href":"https:\/\/api.w.org\/{rel}","templated":true}]}}