{"id":16157,"date":"2025-03-10T06:37:13","date_gmt":"2025-03-10T06:37:13","guid":{"rendered":"https:\/\/www.sinpeks.com\/rs\/p\/rajder-husqvarna-rc320tsawd-profi\/"},"modified":"2026-03-16T12:34:14","modified_gmt":"2026-03-16T12:34:14","slug":"rajder-husqvarna-rc320tsawd-profi","status":"publish","type":"product","link":"https:\/\/www.sinpeks.com\/rs\/p\/rajder-husqvarna-rc320tsawd-profi\/","title":{"rendered":"Rajder Husqvarna RC320TSAWD &#8211; Profi"},"content":{"rendered":"<p>RC 320Ts AWD Rider je ma\u0161ina sa inovativnim dizajnom i nudi izdr\u017eljivu efikasnost, svestranost i lakoc\u0301u upotrebe. Ima jedinstven sistem za sakupljanje trave u kolektoru od 300 litara koji se prazni dugmetom dok operater sedi u sedi\u0161tu. Zglobno upravljanje omoguc\u0301ava laka skretanja i superiornu upravljivost. Pogon na sva \u010detiri to\u010dka zna\u010di superiornu snagu i vu\u010du u svim uslovima. Ima potpuno LED osvetljenje, uti\u010dnicu od 12V i providni rezervoar za gorivo. \u010ci\u0161c\u0301enje rezne glave je jednostavno zahvaljujuc\u0301i jedinstvenoj moguc\u0301nosti da se rezna glava pozicionira pod uglom od 90\u00b0.<\/p>\n","protected":false},"excerpt":{"rendered":"<p>RC 320Ts AWD Rider je ma\u0161ina sa inovativnim dizajnom i nudi izdr\u017eljivu efikasnost, svestranost i lakoc\u0301u upotrebe. Ima jedinstven sistem za sakupljanje trave u kolektoru od 300 litara koji se prazni dugmetom dok operater sedi u sedi\u0161tu. Zglobno upravljanje omoguc\u0301ava laka skretanja i superiornu upravljivost. Pogon na sva \u010detiri to\u010dka zna\u010di superiornu snagu i vu\u010du [&hellip;]<\/p>\n","protected":false},"featured_media":16192,"comment_status":"open","ping_status":"closed","template":"","meta":{"_acf_changed":false},"product_cat":[175],"product_tag":[],"class_list":{"0":"post-16157","1":"product","2":"type-product","3":"status-publish","4":"has-post-thumbnail","6":"product_cat-traktorske","7":"pa_b-husqvarna","8":"pa_market-mk","9":"pa_radna-sirina-103-112-cm","10":"pa_snaga-12700-w","12":"first","13":"outofstock","14":"sale","15":"taxable","16":"shipping-taxable","17":"purchasable","18":"product-type-simple"},"acf":[],"seolaxy_ctr_woo_product_custom_meta_description_content":"","_links":{"self":[{"href":"https:\/\/www.sinpeks.com\/rs\/wp-json\/wp\/v2\/product\/16157","targetHints":{"allow":["GET"]}}],"collection":[{"href":"https:\/\/www.sinpeks.com\/rs\/wp-json\/wp\/v2\/product"}],"about":[{"href":"https:\/\/www.sinpeks.com\/rs\/wp-json\/wp\/v2\/types\/product"}],"replies":[{"embeddable":true,"href":"https:\/\/www.sinpeks.com\/rs\/wp-json\/wp\/v2\/comments?post=16157"}],"wp:featuredmedia":[{"embeddable":true,"href":"https:\/\/www.sinpeks.com\/rs\/wp-json\/wp\/v2\/media\/16192"}],"wp:attachment":[{"href":"https:\/\/www.sinpeks.com\/rs\/wp-json\/wp\/v2\/media?parent=16157"}],"wp:term":[{"taxonomy":"product_cat","embeddable":true,"href":"https:\/\/www.sinpeks.com\/rs\/wp-json\/wp\/v2\/product_cat?post=16157"},{"taxonomy":"product_tag","embeddable":true,"href":"https:\/\/www.sinpeks.com\/rs\/wp-json\/wp\/v2\/product_tag?post=16157"}],"curies":[{"name":"wp","href":"https:\/\/api.w.org\/{rel}","templated":true}]}}