{"id":16155,"date":"2025-03-10T06:37:12","date_gmt":"2025-03-10T06:37:12","guid":{"rendered":"https:\/\/www.sinpeks.com\/rs\/p\/traktor-husqvarna-tc-242tx-profi\/"},"modified":"2026-03-27T11:18:22","modified_gmt":"2026-03-27T11:18:22","slug":"traktor-husqvarna-tc-242tx-profi","status":"publish","type":"product","link":"https:\/\/www.sinpeks.com\/rs\/p\/traktor-husqvarna-tc-242tx-profi\/","title":{"rendered":"Traktor Husqvarna TC 242TX &#8211; Profi"},"content":{"rendered":"<p>Husqvarna TC 242TX traktor je moc\u0301an i udoban traktor dizajniran za ko\u0161enje srednjih i velikih travnjaka. Opremljen je velikim zadnjim kolektorom od 320 L, hidrostatskim prenosom, 15 in\u010dnim DELUX sedi\u0161tem i LED osvetljenjem.<\/p>\n","protected":false},"excerpt":{"rendered":"<p>Husqvarna TC 242TX traktor je moc\u0301an i udoban traktor dizajniran za ko\u0161enje srednjih i velikih travnjaka. Opremljen je velikim zadnjim kolektorom od 320 L, hidrostatskim prenosom, 15 in\u010dnim DELUX sedi\u0161tem i LED osvetljenjem.<\/p>\n","protected":false},"featured_media":16188,"comment_status":"open","ping_status":"closed","template":"","meta":{"_acf_changed":false},"product_cat":[175],"product_tag":[],"class_list":{"0":"post-16155","1":"product","2":"type-product","3":"status-publish","4":"has-post-thumbnail","6":"product_cat-traktorske","7":"pa_b-husqvarna","8":"pa_market-mk","9":"pa_radna-sirina-108-cm","10":"pa_snaga-14100-w","12":"first","13":"outofstock","14":"sale","15":"taxable","16":"shipping-taxable","17":"purchasable","18":"product-type-simple"},"acf":[],"seolaxy_ctr_woo_product_custom_meta_description_content":"","_links":{"self":[{"href":"https:\/\/www.sinpeks.com\/rs\/wp-json\/wp\/v2\/product\/16155","targetHints":{"allow":["GET"]}}],"collection":[{"href":"https:\/\/www.sinpeks.com\/rs\/wp-json\/wp\/v2\/product"}],"about":[{"href":"https:\/\/www.sinpeks.com\/rs\/wp-json\/wp\/v2\/types\/product"}],"replies":[{"embeddable":true,"href":"https:\/\/www.sinpeks.com\/rs\/wp-json\/wp\/v2\/comments?post=16155"}],"wp:featuredmedia":[{"embeddable":true,"href":"https:\/\/www.sinpeks.com\/rs\/wp-json\/wp\/v2\/media\/16188"}],"wp:attachment":[{"href":"https:\/\/www.sinpeks.com\/rs\/wp-json\/wp\/v2\/media?parent=16155"}],"wp:term":[{"taxonomy":"product_cat","embeddable":true,"href":"https:\/\/www.sinpeks.com\/rs\/wp-json\/wp\/v2\/product_cat?post=16155"},{"taxonomy":"product_tag","embeddable":true,"href":"https:\/\/www.sinpeks.com\/rs\/wp-json\/wp\/v2\/product_tag?post=16155"}],"curies":[{"name":"wp","href":"https:\/\/api.w.org\/{rel}","templated":true}]}}