{"id":16154,"date":"2025-03-10T06:37:12","date_gmt":"2025-03-10T06:37:12","guid":{"rendered":"https:\/\/www.sinpeks.com\/rs\/p\/rajder-husqvarna-r320xawd-profi\/"},"modified":"2026-03-16T12:34:13","modified_gmt":"2026-03-16T12:34:13","slug":"rajder-husqvarna-r320xawd-profi","status":"publish","type":"product","link":"https:\/\/www.sinpeks.com\/rs\/p\/rajder-husqvarna-r320xawd-profi\/","title":{"rendered":"Rajder Husqvarna R320XAWD &#8211; Profi"},"content":{"rendered":"<p>Agilna i fleksibilna rajder kosilica sa pogonom na sve to\u010dkove. Ima lak pristup svim kontrolama, LED osvetljenje, sna\u017ean motor i mnoga druga inovativna re\u0161enja koja omoguc\u0301avaju lak i udoban rad. Ima inovativan sistem upravljanja i mali radijus okretanja. Mo\u017ee da nosi ure\u0111aj za ko\u0161enje ali i druge dodatke kao \u0161to su daska, freza i sli\u010dno. *Napomena: Cena rajdera je bez kosilice. Ovaj rajder je uparen sa modelom Combi 112 sa \u0161ifrom 007389.<\/p>\n","protected":false},"excerpt":{"rendered":"<p>Agilna i fleksibilna rajder kosilica sa pogonom na sve to\u010dkove. Ima lak pristup svim kontrolama, LED osvetljenje, sna\u017ean motor i mnoga druga inovativna re\u0161enja koja omoguc\u0301avaju lak i udoban rad. Ima inovativan sistem upravljanja i mali radijus okretanja. Mo\u017ee da nosi ure\u0111aj za ko\u0161enje ali i druge dodatke kao \u0161to su daska, freza i sli\u010dno. [&hellip;]<\/p>\n","protected":false},"featured_media":16186,"comment_status":"open","ping_status":"closed","template":"","meta":{"_acf_changed":false},"product_cat":[175],"product_tag":[],"class_list":{"0":"post-16154","1":"product","2":"type-product","3":"status-publish","4":"has-post-thumbnail","6":"product_cat-traktorske","7":"pa_b-husqvarna","8":"pa_market-mk","9":"pa_radna-sirina-94-103-112-cm","10":"pa_snaga-10500-w","12":"first","13":"outofstock","14":"sale","15":"taxable","16":"shipping-taxable","17":"purchasable","18":"product-type-simple"},"acf":[],"seolaxy_ctr_woo_product_custom_meta_description_content":"","_links":{"self":[{"href":"https:\/\/www.sinpeks.com\/rs\/wp-json\/wp\/v2\/product\/16154","targetHints":{"allow":["GET"]}}],"collection":[{"href":"https:\/\/www.sinpeks.com\/rs\/wp-json\/wp\/v2\/product"}],"about":[{"href":"https:\/\/www.sinpeks.com\/rs\/wp-json\/wp\/v2\/types\/product"}],"replies":[{"embeddable":true,"href":"https:\/\/www.sinpeks.com\/rs\/wp-json\/wp\/v2\/comments?post=16154"}],"wp:featuredmedia":[{"embeddable":true,"href":"https:\/\/www.sinpeks.com\/rs\/wp-json\/wp\/v2\/media\/16186"}],"wp:attachment":[{"href":"https:\/\/www.sinpeks.com\/rs\/wp-json\/wp\/v2\/media?parent=16154"}],"wp:term":[{"taxonomy":"product_cat","embeddable":true,"href":"https:\/\/www.sinpeks.com\/rs\/wp-json\/wp\/v2\/product_cat?post=16154"},{"taxonomy":"product_tag","embeddable":true,"href":"https:\/\/www.sinpeks.com\/rs\/wp-json\/wp\/v2\/product_tag?post=16154"}],"curies":[{"name":"wp","href":"https:\/\/api.w.org\/{rel}","templated":true}]}}