{"id":16153,"date":"2025-03-10T06:37:12","date_gmt":"2025-03-10T06:37:12","guid":{"rendered":"https:\/\/www.sinpeks.com\/rs\/p\/motorna-kosilica-agrina-51s-elektricni-start\/"},"modified":"2026-05-07T12:46:40","modified_gmt":"2026-05-07T12:46:40","slug":"motorna-kosilica-agrina-51s-elektricni-start","status":"publish","type":"product","link":"https:\/\/www.sinpeks.com\/rs\/p\/motorna-kosilica-agrina-51s-elektricni-start\/","title":{"rendered":"Motorna kosilica Agrina 51S elektri\u010dni start (samohodna)"},"content":{"rendered":"<p>Agrina samohodna kosilica sa odli\u010dnim performansama i elektri\u010dnim startom, idealna za odr\u017eavanje va\u0161eg dvori\u0161ta i travnjaka.<\/p>\n","protected":false},"excerpt":{"rendered":"<p>Agrina samohodna kosilica sa odli\u010dnim performansama i elektri\u010dnim startom, idealna za odr\u017eavanje va\u0161eg dvori\u0161ta i travnjaka.<\/p>\n","protected":false},"featured_media":16183,"comment_status":"open","ping_status":"closed","template":"","meta":{"_acf_changed":false},"product_cat":[171],"product_tag":[],"class_list":{"0":"post-16153","1":"product","2":"type-product","3":"status-publish","4":"has-post-thumbnail","6":"product_cat-benzinske","7":"product_shipping_class-alati-masine-makedonija","8":"pa_b-agrina","9":"pa_market-ba","10":"pa_market-mk","11":"pa_market-rs","12":"pa_pogon-samohodne","13":"pa_radna-sirina-51-cm","14":"pa_snaga-2600-w","16":"first","17":"instock","18":"sale","19":"taxable","20":"shipping-taxable","21":"purchasable","22":"product-type-simple"},"acf":[],"seolaxy_ctr_woo_product_custom_meta_description_content":"","_links":{"self":[{"href":"https:\/\/www.sinpeks.com\/rs\/wp-json\/wp\/v2\/product\/16153","targetHints":{"allow":["GET"]}}],"collection":[{"href":"https:\/\/www.sinpeks.com\/rs\/wp-json\/wp\/v2\/product"}],"about":[{"href":"https:\/\/www.sinpeks.com\/rs\/wp-json\/wp\/v2\/types\/product"}],"replies":[{"embeddable":true,"href":"https:\/\/www.sinpeks.com\/rs\/wp-json\/wp\/v2\/comments?post=16153"}],"wp:featuredmedia":[{"embeddable":true,"href":"https:\/\/www.sinpeks.com\/rs\/wp-json\/wp\/v2\/media\/16183"}],"wp:attachment":[{"href":"https:\/\/www.sinpeks.com\/rs\/wp-json\/wp\/v2\/media?parent=16153"}],"wp:term":[{"taxonomy":"product_cat","embeddable":true,"href":"https:\/\/www.sinpeks.com\/rs\/wp-json\/wp\/v2\/product_cat?post=16153"},{"taxonomy":"product_tag","embeddable":true,"href":"https:\/\/www.sinpeks.com\/rs\/wp-json\/wp\/v2\/product_tag?post=16153"}],"curies":[{"name":"wp","href":"https:\/\/api.w.org\/{rel}","templated":true}]}}