{"id":16152,"date":"2025-03-10T06:37:12","date_gmt":"2025-03-10T06:37:12","guid":{"rendered":"https:\/\/www.sinpeks.com\/rs\/p\/kosilica-husqvarna-lc-140p\/"},"modified":"2026-04-20T06:27:15","modified_gmt":"2026-04-20T06:27:15","slug":"kosilica-husqvarna-lc-140p","status":"publish","type":"product","link":"https:\/\/www.sinpeks.com\/rs\/p\/kosilica-husqvarna-lc-140p\/","title":{"rendered":"Kosilica Husqvarna LC 140P"},"content":{"rendered":"<p>LC 140P je motorna kosilica laka za upotrebu, pogodna za male i srednje travnjake. Napravljen je od robusnog \u010deli\u010dnog materijala i pokrec\u0301e ga sna\u017ean Husqvarna motor koji nudi odli\u010dne performanse ko\u0161enja. Opremljen je ergonomskom ru\u010dkom, ima moguc\u0301nost pode\u0161avanja visine ko\u0161enja, i to\u010dkovima sa kugli\u010dnim le\u017eajevima koji c\u0301e vam omoguc\u0301iti ergonomsku i udobnu kontrolu tokom ko\u0161enja.<\/p>\n","protected":false},"excerpt":{"rendered":"<p>LC 140P je motorna kosilica laka za upotrebu, pogodna za male i srednje travnjake. Napravljen je od robusnog \u010deli\u010dnog materijala i pokrec\u0301e ga sna\u017ean Husqvarna motor koji nudi odli\u010dne performanse ko\u0161enja. Opremljen je ergonomskom ru\u010dkom, ima moguc\u0301nost pode\u0161avanja visine ko\u0161enja, i to\u010dkovima sa kugli\u010dnim le\u017eajevima koji c\u0301e vam omoguc\u0301iti ergonomsku i udobnu kontrolu tokom ko\u0161enja.<\/p>\n","protected":false},"featured_media":16179,"comment_status":"open","ping_status":"closed","template":"","meta":{"_acf_changed":false},"product_cat":[171],"product_tag":[],"class_list":{"0":"post-16152","1":"product","2":"type-product","3":"status-publish","4":"has-post-thumbnail","6":"product_cat-benzinske","7":"pa_b-husqvarna","8":"pa_market-mk","9":"pa_pogon-gurajuce","10":"pa_radna-sirina-40-cm","11":"pa_snaga-1950-w","13":"first","14":"instock","15":"sale","16":"taxable","17":"shipping-taxable","18":"purchasable","19":"product-type-simple"},"acf":[],"seolaxy_ctr_woo_product_custom_meta_description_content":"","_links":{"self":[{"href":"https:\/\/www.sinpeks.com\/rs\/wp-json\/wp\/v2\/product\/16152","targetHints":{"allow":["GET"]}}],"collection":[{"href":"https:\/\/www.sinpeks.com\/rs\/wp-json\/wp\/v2\/product"}],"about":[{"href":"https:\/\/www.sinpeks.com\/rs\/wp-json\/wp\/v2\/types\/product"}],"replies":[{"embeddable":true,"href":"https:\/\/www.sinpeks.com\/rs\/wp-json\/wp\/v2\/comments?post=16152"}],"wp:featuredmedia":[{"embeddable":true,"href":"https:\/\/www.sinpeks.com\/rs\/wp-json\/wp\/v2\/media\/16179"}],"wp:attachment":[{"href":"https:\/\/www.sinpeks.com\/rs\/wp-json\/wp\/v2\/media?parent=16152"}],"wp:term":[{"taxonomy":"product_cat","embeddable":true,"href":"https:\/\/www.sinpeks.com\/rs\/wp-json\/wp\/v2\/product_cat?post=16152"},{"taxonomy":"product_tag","embeddable":true,"href":"https:\/\/www.sinpeks.com\/rs\/wp-json\/wp\/v2\/product_tag?post=16152"}],"curies":[{"name":"wp","href":"https:\/\/api.w.org\/{rel}","templated":true}]}}