{"id":15455,"date":"2025-02-27T21:01:30","date_gmt":"2025-02-27T21:01:30","guid":{"rendered":"https:\/\/www.sinpeks.com\/rs\/p\/usisivac-za-hemijsko-ciscenje-lavor-jupiter-profi\/"},"modified":"2026-04-22T07:21:49","modified_gmt":"2026-04-22T07:21:49","slug":"usisivac-za-hemijsko-ciscenje-lavor-jupiter-profi","status":"publish","type":"product","link":"https:\/\/www.sinpeks.com\/rs\/p\/usisivac-za-hemijsko-ciscenje-lavor-jupiter-profi\/","title":{"rendered":"Usisiva\u010d za hemijsko \u010di\u0161c\u0301enje Lavor Jupiter- Profi"},"content":{"rendered":"<p>Usisiva\u010d za hemijsko \u010di\u0161c\u0301enje renomiranog italijanskog proizvo\u0111a\u010da Lavor koji se mo\u017ee koristiti za temeljno \u010di\u0161c\u0301enje tepiha, tepiha i tapacirunga u kancelarijama, klinikama, bioskopima i domac\u0301instvima, kao i tapaciranja automobila. Temeljno \u010di\u0161c\u0301enje se vr\u0161i pritiskom prskanja od 4 bara i usisnom snagom od 230 mbar. Ima odvojene rezervoare od 6,5 l za \u010distu i otpadnu vodu, dugu vakuumsku cev od ner\u0111ajuc\u0301eg \u010delika i velike zadnje to\u010dkove.<\/p>\n","protected":false},"excerpt":{"rendered":"<p>Usisiva\u010d za hemijsko \u010di\u0161c\u0301enje renomiranog italijanskog proizvo\u0111a\u010da Lavor koji se mo\u017ee koristiti za temeljno \u010di\u0161c\u0301enje tepiha, tepiha i tapacirunga u kancelarijama, klinikama, bioskopima i domac\u0301instvima, kao i tapaciranja automobila. Temeljno \u010di\u0161c\u0301enje se vr\u0161i pritiskom prskanja od 4 bara i usisnom snagom od 230 mbar. Ima odvojene rezervoare od 6,5 l za \u010distu i otpadnu vodu, [&hellip;]<\/p>\n","protected":false},"featured_media":15739,"comment_status":"open","ping_status":"closed","template":"","meta":{"_acf_changed":false},"product_cat":[225],"product_tag":[],"class_list":{"0":"post-15455","1":"product","2":"type-product","3":"status-publish","4":"has-post-thumbnail","6":"product_cat-industrijski-usisivaci","7":"product_shipping_class-alati-masine-makedonija","8":"pa_b-lavor","9":"pa_broj-motora-sa-jednim-motorom","10":"pa_market-ba","11":"pa_market-mk","12":"pa_market-rs","13":"pa_rezervoar-2x6-5-l-5-6-l","14":"pa_snaga-motora-1100-w","16":"first","17":"outofstock","18":"sale","19":"taxable","20":"shipping-taxable","21":"purchasable","22":"product-type-simple"},"acf":[],"seolaxy_ctr_woo_product_custom_meta_description_content":"","_links":{"self":[{"href":"https:\/\/www.sinpeks.com\/rs\/wp-json\/wp\/v2\/product\/15455","targetHints":{"allow":["GET"]}}],"collection":[{"href":"https:\/\/www.sinpeks.com\/rs\/wp-json\/wp\/v2\/product"}],"about":[{"href":"https:\/\/www.sinpeks.com\/rs\/wp-json\/wp\/v2\/types\/product"}],"replies":[{"embeddable":true,"href":"https:\/\/www.sinpeks.com\/rs\/wp-json\/wp\/v2\/comments?post=15455"}],"wp:featuredmedia":[{"embeddable":true,"href":"https:\/\/www.sinpeks.com\/rs\/wp-json\/wp\/v2\/media\/15739"}],"wp:attachment":[{"href":"https:\/\/www.sinpeks.com\/rs\/wp-json\/wp\/v2\/media?parent=15455"}],"wp:term":[{"taxonomy":"product_cat","embeddable":true,"href":"https:\/\/www.sinpeks.com\/rs\/wp-json\/wp\/v2\/product_cat?post=15455"},{"taxonomy":"product_tag","embeddable":true,"href":"https:\/\/www.sinpeks.com\/rs\/wp-json\/wp\/v2\/product_tag?post=15455"}],"curies":[{"name":"wp","href":"https:\/\/api.w.org\/{rel}","templated":true}]}}