{"id":15453,"date":"2025-02-27T20:48:30","date_gmt":"2025-02-27T20:48:30","guid":{"rendered":"https:\/\/www.sinpeks.com\/rs\/p\/usisivac-dozer-380-ir\/"},"modified":"2026-03-25T14:18:33","modified_gmt":"2026-03-25T14:18:33","slug":"usisivac-dozer-380-ir","status":"publish","type":"product","link":"https:\/\/www.sinpeks.com\/rs\/p\/usisivac-dozer-380-ir\/","title":{"rendered":"Usisiva\u010d DOZER 380 IR"},"content":{"rendered":"<p>LAVOR DOZER 380 IR usisiva\u010d je robusna i profesionalna ma\u0161ina za \u010di\u0161c\u0301enje, idealna za rukovanje i te\u010dnim i \u010dvrstim materijama. Sa izlaznom snagom od 3600 V (mak), pru\u017ea moc\u0301ne usisne moguc\u0301nosti sa snagom usisavanja od 210 mbar\/21 kPa i brzinom usisavanja vazduha od 132 l\/s. Usisiva\u010d ima rezervoar od 80L od ner\u0111ajuc\u0301eg \u010delika i uklju\u010duje kabl za napajanje od 5 metara.<br \/>\nGlavne karakteristike LAVOR DOZER 380 IR uklju\u010duju tihi motor sa usisnim sistemom koji koristi bajpas hla\u0111enje, \u0161to ga \u010dini pogodnim za profesionalnu upotrebu. Usisiva\u010d tako\u0111e dolazi sa nizom dodataka, uklju\u010dujuc\u0301i fleksibilno crevo (2 m), mlaznicu za pukotine, filter, \u010detku za pra\u0161inu, \u010detku za te\u010dnost i okruglu \u010detku. Podno\u017eje sa to\u010dkovima protiv \u0161oka na koje je postavljen je otporno na udarce i \u010dini usisiva\u010d lako pokretnim.<\/p>\n","protected":false},"excerpt":{"rendered":"<p>LAVOR DOZER 380 IR usisiva\u010d je robusna i profesionalna ma\u0161ina za \u010di\u0161c\u0301enje, idealna za rukovanje i te\u010dnim i \u010dvrstim materijama. Sa izlaznom snagom od 3600 V (mak), pru\u017ea moc\u0301ne usisne moguc\u0301nosti sa snagom usisavanja od 210 mbar\/21 kPa i brzinom usisavanja vazduha od 132 l\/s. Usisiva\u010d ima rezervoar od 80L od ner\u0111ajuc\u0301eg \u010delika i uklju\u010duje [&hellip;]<\/p>\n","protected":false},"featured_media":15736,"comment_status":"open","ping_status":"closed","template":"","meta":{"_acf_changed":false},"product_cat":[225],"product_tag":[],"class_list":{"0":"post-15453","1":"product","2":"type-product","3":"status-publish","4":"has-post-thumbnail","6":"product_cat-industrijski-usisivaci","7":"product_shipping_class-alati-masine-makedonija","8":"pa_b-lavor","9":"pa_broj-motora-sa-jednim-motorom","10":"pa_market-ba","11":"pa_market-mk","12":"pa_market-rs","13":"pa_rezervoar-80-l","14":"pa_snaga-motora-3600-w","16":"first","17":"instock","18":"sale","19":"taxable","20":"shipping-taxable","21":"purchasable","22":"product-type-simple"},"acf":[],"seolaxy_ctr_woo_product_custom_meta_description_content":"","_links":{"self":[{"href":"https:\/\/www.sinpeks.com\/rs\/wp-json\/wp\/v2\/product\/15453","targetHints":{"allow":["GET"]}}],"collection":[{"href":"https:\/\/www.sinpeks.com\/rs\/wp-json\/wp\/v2\/product"}],"about":[{"href":"https:\/\/www.sinpeks.com\/rs\/wp-json\/wp\/v2\/types\/product"}],"replies":[{"embeddable":true,"href":"https:\/\/www.sinpeks.com\/rs\/wp-json\/wp\/v2\/comments?post=15453"}],"wp:featuredmedia":[{"embeddable":true,"href":"https:\/\/www.sinpeks.com\/rs\/wp-json\/wp\/v2\/media\/15736"}],"wp:attachment":[{"href":"https:\/\/www.sinpeks.com\/rs\/wp-json\/wp\/v2\/media?parent=15453"}],"wp:term":[{"taxonomy":"product_cat","embeddable":true,"href":"https:\/\/www.sinpeks.com\/rs\/wp-json\/wp\/v2\/product_cat?post=15453"},{"taxonomy":"product_tag","embeddable":true,"href":"https:\/\/www.sinpeks.com\/rs\/wp-json\/wp\/v2\/product_tag?post=15453"}],"curies":[{"name":"wp","href":"https:\/\/api.w.org\/{rel}","templated":true}]}}