{"id":15452,"date":"2025-02-27T20:48:30","date_gmt":"2025-02-27T20:48:30","guid":{"rendered":"https:\/\/www.sinpeks.com\/rs\/p\/usisivac-12l-evcr0801-emtop\/"},"modified":"2026-04-23T09:38:42","modified_gmt":"2026-04-23T09:38:42","slug":"usisivac-12l-evcr0801-emtop","status":"publish","type":"product","link":"https:\/\/www.sinpeks.com\/rs\/p\/usisivac-12l-evcr0801-emtop\/","title":{"rendered":"Usisiva\u010d 12l EVCR0801 Emtop"},"content":{"rendered":"<p>Usisiva\u010d za mokro i suvo \u010di\u0161c\u0301enje sa posudom od ner\u0111ajuc\u0301eg \u010delika kapaciteta 12l. Opremljen je fleksibilnim crevom, malom i velikom \u010detkom za \u010di\u0161c\u0301enje i HEPA filterom.<\/p>\n","protected":false},"excerpt":{"rendered":"<p>Usisiva\u010d za mokro i suvo \u010di\u0161c\u0301enje sa posudom od ner\u0111ajuc\u0301eg \u010delika kapaciteta 12l. Opremljen je fleksibilnim crevom, malom i velikom \u010detkom za \u010di\u0161c\u0301enje i HEPA filterom.<\/p>\n","protected":false},"featured_media":15735,"comment_status":"open","ping_status":"closed","template":"","meta":{"_acf_changed":false},"product_cat":[5293,225],"product_tag":[],"class_list":{"0":"post-15452","1":"product","2":"type-product","3":"status-publish","4":"has-post-thumbnail","6":"product_cat-emtop-akcija","7":"product_cat-industrijski-usisivaci","8":"product_shipping_class-alati-masine-makedonija","9":"pa_b-emtop","10":"pa_broj-motora-sa-jednim-motorom","11":"pa_market-ba","12":"pa_market-mk","13":"pa_market-rs","14":"pa_rezervoar-12-l","15":"pa_snaga-motora-800-w","17":"first","18":"instock","19":"sale","20":"taxable","21":"shipping-taxable","22":"purchasable","23":"product-type-simple"},"acf":[],"seolaxy_ctr_woo_product_custom_meta_description_content":"","_links":{"self":[{"href":"https:\/\/www.sinpeks.com\/rs\/wp-json\/wp\/v2\/product\/15452","targetHints":{"allow":["GET"]}}],"collection":[{"href":"https:\/\/www.sinpeks.com\/rs\/wp-json\/wp\/v2\/product"}],"about":[{"href":"https:\/\/www.sinpeks.com\/rs\/wp-json\/wp\/v2\/types\/product"}],"replies":[{"embeddable":true,"href":"https:\/\/www.sinpeks.com\/rs\/wp-json\/wp\/v2\/comments?post=15452"}],"wp:featuredmedia":[{"embeddable":true,"href":"https:\/\/www.sinpeks.com\/rs\/wp-json\/wp\/v2\/media\/15735"}],"wp:attachment":[{"href":"https:\/\/www.sinpeks.com\/rs\/wp-json\/wp\/v2\/media?parent=15452"}],"wp:term":[{"taxonomy":"product_cat","embeddable":true,"href":"https:\/\/www.sinpeks.com\/rs\/wp-json\/wp\/v2\/product_cat?post=15452"},{"taxonomy":"product_tag","embeddable":true,"href":"https:\/\/www.sinpeks.com\/rs\/wp-json\/wp\/v2\/product_tag?post=15452"}],"curies":[{"name":"wp","href":"https:\/\/api.w.org\/{rel}","templated":true}]}}